{"id":8013,"date":"2024-03-25T14:10:03","date_gmt":"2024-03-25T13:10:03","guid":{"rendered":"https:\/\/www.adssl.com\/?page_id=8013"},"modified":"2025-07-09T13:19:31","modified_gmt":"2025-07-09T11:19:31","slug":"canal-etico","status":"publish","type":"page","link":"https:\/\/www.adssl.com\/es\/canal-etico\/","title":{"rendered":"Canal \u00c9tico"},"content":{"rendered":"<div data-elementor-type=\"wp-page\" data-elementor-id=\"8013\" class=\"elementor elementor-8013\" data-elementor-post-type=\"page\">\n\t\t\t\t\t\t<section class=\"elementor-section elementor-top-section elementor-element elementor-element-2de1926 elementor-section-boxed elementor-section-height-default elementor-section-height-default\" data-id=\"2de1926\" data-element_type=\"section\">\n\t\t\t\t\t\t<div class=\"elementor-container elementor-column-gap-default\">\n\t\t\t\t\t<div class=\"elementor-column elementor-col-100 elementor-top-column elementor-element elementor-element-3f234e6\" data-id=\"3f234e6\" data-element_type=\"column\">\n\t\t\t<div class=\"elementor-widget-wrap elementor-element-populated\">\n\t\t\t\t\t\t<div class=\"elementor-element elementor-element-1d3a5e1 elementor-widget elementor-widget-heading\" data-id=\"1d3a5e1\" data-element_type=\"widget\" data-widget_type=\"heading.default\">\n\t\t\t\t<div class=\"elementor-widget-container\">\n\t\t\t\t\t<h2 class=\"elementor-heading-title elementor-size-default\">CANAL \u00c9TICO<\/h2>\t\t\t\t<\/div>\n\t\t\t\t<\/div>\n\t\t\t\t<div class=\"elementor-element elementor-element-46259cc elementor-widget elementor-widget-text-editor\" data-id=\"46259cc\" data-element_type=\"widget\" data-widget_type=\"text-editor.default\">\n\t\t\t\t<div class=\"elementor-widget-container\">\n\t\t\t\t\t\t\t\t\t<p>En el marco de aplicaci\u00f3n de las nuevas legislaciones penales, la Empresa est\u00e1 implantando un Sistema de Gesti\u00f3n para la Prevenci\u00f3n de Delitos (COMPLIANCE)\u00a0que aconseja a las entidades poner a disposici\u00f3n de los trabajadores, as\u00ed como de todas las personas con las cuales se relacione, un medio para elevar consultes y trasladar inquietudes sobre cuestiones en las cuales la Empresa, o una persona integrante de esta, no act\u00fae con criterios \u00e9ticos, contravenga normas legales, no respete los criterios del C\u00f3digo \u00c9tico de la Empresa o intuya que determinadas acciones puedan suponer ilegalidades en el comportamiento directivo o de la empresa.<br \/><br \/>Por eso, hemos creado el CANAL \u00c9TICO que tiene como objetivo que nos ayud\u00e1is a prevenir las infracciones de las normas internas de conducta o normas externas que puedan ser cometidas por parte de cualquier miembro de la Empresa, as\u00ed como para colaboradores y terceros que se relacionen con la Empresa.<\/p>\t\t\t\t\t\t\t\t<\/div>\n\t\t\t\t<\/div>\n\t\t\t\t<div class=\"elementor-element elementor-element-2cd507f elementor-button-align-end elementor-widget elementor-widget-form\" data-id=\"2cd507f\" data-element_type=\"widget\" data-settings=\"{&quot;step_next_label&quot;:&quot;Next&quot;,&quot;step_previous_label&quot;:&quot;Previous&quot;,&quot;button_width&quot;:&quot;100&quot;,&quot;step_type&quot;:&quot;number_text&quot;,&quot;step_icon_shape&quot;:&quot;circle&quot;}\" data-widget_type=\"form.default\">\n\t\t\t\t<div class=\"elementor-widget-container\">\n\t\t\t\t\t\t\t<form class=\"elementor-form\" method=\"post\" name=\"Formulari ADS\" action=\"\">\n\t\t\t<input type=\"hidden\" name=\"post_id\" value=\"8013\"\/>\n\t\t\t<input type=\"hidden\" name=\"form_id\" value=\"2cd507f\"\/>\n\t\t\t<input type=\"hidden\" name=\"referer_title\" value=\"ADS, An\u00e0lisi\/Disseny de Soft\" \/>\n\n\t\t\t\n\t\t\t<div class=\"elementor-form-fields-wrapper elementor-labels-\">\n\t\t\t\t\t\t\t\t<div class=\"elementor-field-type-text elementor-field-group elementor-column elementor-field-group-name elementor-col-100\">\n\t\t\t\t\t\t\t\t\t\t\t\t<label for=\"form-field-name\" class=\"elementor-field-label elementor-screen-only\">\n\t\t\t\t\t\t\t\tFull name\t\t\t\t\t\t\t<\/label>\n\t\t\t\t\t\t\t\t\t\t\t\t\t\t<input size=\"1\" type=\"text\" name=\"form_fields[name]\" id=\"form-field-name\" class=\"elementor-field elementor-size-md  elementor-field-textual\" placeholder=\"Nombre y Apellido (Opcional)\">\n\t\t\t\t\t\t\t\t\t\t\t<\/div>\n\t\t\t\t\t\t\t\t<div class=\"elementor-field-type-email elementor-field-group elementor-column elementor-field-group-field_1 elementor-col-100\">\n\t\t\t\t\t\t\t\t\t\t\t\t<label for=\"form-field-field_1\" class=\"elementor-field-label elementor-screen-only\">\n\t\t\t\t\t\t\t\tEmail\t\t\t\t\t\t\t<\/label>\n\t\t\t\t\t\t\t\t\t\t\t\t\t\t<input size=\"1\" type=\"email\" name=\"form_fields[field_1]\" id=\"form-field-field_1\" class=\"elementor-field elementor-size-md  elementor-field-textual\" placeholder=\"Correo electr\u00f3nico (Opcional)\">\n\t\t\t\t\t\t\t\t\t\t\t<\/div>\n\t\t\t\t\t\t\t\t<div class=\"elementor-field-type-textarea elementor-field-group elementor-column elementor-field-group-message elementor-col-100 elementor-field-required\">\n\t\t\t\t\t\t\t\t\t\t\t\t<label for=\"form-field-message\" class=\"elementor-field-label elementor-screen-only\">\n\t\t\t\t\t\t\t\tWrite Us\t\t\t\t\t\t\t<\/label>\n\t\t\t\t\t\t<textarea class=\"elementor-field-textual elementor-field  elementor-size-md\" name=\"form_fields[message]\" id=\"form-field-message\" rows=\"4\" placeholder=\"Hechos a denunciar\" required=\"required\"><\/textarea>\t\t\t\t<\/div>\n\t\t\t\t\t\t\t\t<div class=\"elementor-field-type-recaptcha_v3 elementor-field-group elementor-column elementor-field-group- elementor-col-100 recaptcha_v3-inline\">\n\t\t\t\t\t<div class=\"elementor-field\" id=\"form-field-\"><div class=\"elementor-g-recaptcha\" data-sitekey=\"6LcBJm8cAAAAACPzOUMKZ4yqkcBrboRK3RB7vNrC\" data-type=\"v3\" data-action=\"Form\" data-badge=\"inline\" data-size=\"invisible\"><\/div><\/div>\t\t\t\t<\/div>\n\t\t\t\t\t\t\t\t<div class=\"elementor-field-group elementor-column elementor-field-type-submit elementor-col-100 e-form__buttons\">\n\t\t\t\t\t<button class=\"elementor-button elementor-size-md\" type=\"submit\">\n\t\t\t\t\t\t<span class=\"elementor-button-content-wrapper\">\n\t\t\t\t\t\t\t\t\t\t\t\t\t\t\t<span class=\"elementor-button-icon\">\n\t\t\t\t\t\t\t\t\t<i aria-hidden=\"true\" class=\"fas fa-arrow-right\"><\/i>\t\t\t\t\t\t\t\t\t\t\t\t\t\t\t\t\t<\/span>\n\t\t\t\t\t\t\t\t\t\t\t\t\t\t\t\t\t\t\t\t\t\t<span class=\"elementor-button-text\">Enviar<\/span>\n\t\t\t\t\t\t\t\t\t\t\t\t\t<\/span>\n\t\t\t\t\t<\/button>\n\t\t\t\t<\/div>\n\t\t\t<\/div>\n\t\t<input type=\"hidden\" name=\"trp-form-language\" value=\"es\"\/><\/form>\n\t\t\t\t\t\t<\/div>\n\t\t\t\t<\/div>\n\t\t\t\t<div class=\"elementor-element elementor-element-829b643 elementor-icon-list--layout-traditional elementor-list-item-link-full_width elementor-widget elementor-widget-icon-list\" data-id=\"829b643\" data-element_type=\"widget\" data-widget_type=\"icon-list.default\">\n\t\t\t\t<div class=\"elementor-widget-container\">\n\t\t\t\t\t\t\t<ul class=\"elementor-icon-list-items\">\n\t\t\t\t\t\t\t<li class=\"elementor-icon-list-item\">\n\t\t\t\t\t\t\t\t\t\t\t<a href=\"https:\/\/www.adssl.com\/wp-content\/uploads\/2024\/03\/Document_Canal_Etic.pdf\">\n\n\t\t\t\t\t\t\t\t\t\t\t\t<span class=\"elementor-icon-list-icon\">\n\t\t\t\t\t\t\t<i aria-hidden=\"true\" class=\"far fa-file-pdf\"><\/i>\t\t\t\t\t\t<\/span>\n\t\t\t\t\t\t\t\t\t\t<span class=\"elementor-icon-list-text\">Aqu\u00ed ten\u00e9is toda la informaci\u00f3n necesaria para conocer sus finalidades, sus obligaciones y deberes, as\u00ed c\u00f3mo su funcionamiento.<\/span>\n\t\t\t\t\t\t\t\t\t\t\t<\/a>\n\t\t\t\t\t\t\t\t\t<\/li>\n\t\t\t\t\t\t<\/ul>\n\t\t\t\t\t\t<\/div>\n\t\t\t\t<\/div>\n\t\t\t\t<div class=\"elementor-element elementor-element-b4d55ee elementor-widget elementor-widget-text-editor\" data-id=\"b4d55ee\" data-element_type=\"widget\" data-widget_type=\"text-editor.default\">\n\t\t\t\t<div class=\"elementor-widget-container\">\n\t\t\t\t\t\t\t\t\t<div style=\"font-size: 14px; font-style: normal; font-weight: 400; flex-basis: var(--flex-basis); flex-grow: var(--flex-grow); flex-shrink: var(--flex-shrink); order: var(--order); align-self: var(--align-self); flex-direction: var(--flex-direction); flex-wrap: var(--flex-wrap); justify-content: var(--justify-content); align-items: var(--align-items); align-content: var(--align-content); gap: var(--gap); --swiper-theme-color: #000; --swiper-navigation-size: 44px; --swiper-pagination-bullet-size: 6px; --swiper-pagination-bullet-horizontal-gap: 6px; width: 989.25px; color: #4b4f58;\" data-id=\"209d92a\" data-element_type=\"widget\" data-widget_type=\"heading.default\"><div style=\"font-size: 14px; transition: background .3s,border .3s,border-radius .3s,box-shadow .3s,transform var(--e-transform-transition-duration,.4s);\"><h2 style=\"font-size: 18px; font-weight: 600; color: #000000;\">POLITICA DE PRIVACIDAD Y PROTECCI\u00d3N DE DATOS<\/h2><\/div><div style=\"font-size: 13px; transition: background .3s,border .3s,border-radius .3s,box-shadow .3s,transform var(--e-transform-transition-duration,.4s);\"><p style=\"font-size: 13px;\">Responsable: ADS, An\u00e0lisi\/Disseny de Soft, S.L.U.<br \/>Nif: B17353459<br \/>Direcci\u00f3n: Carretera De Les Tries 109B, 17800 Olot, Girona<br \/>Tel\u00e8fono: 972.261446<br \/>Email: <a href=\"mailto:dpo@adssl.com\">dpo@adssl.com<\/a><br \/>Registre Mercantil de Girona, Tom 926, Foli 182, Full GI 9869, Insc. 7a<br \/>Actividad: Dise\u00f1o y desarrollo de Software, comercializaci\u00f3n de Hardware, instalaci\u00f3n y menteniment de hardware y redes.<\/p><\/div><\/div>\t\t\t\t\t\t\t\t<\/div>\n\t\t\t\t<\/div>\n\t\t\t\t\t<\/div>\n\t\t<\/div>\n\t\t\t\t\t<\/div>\n\t\t<\/section>\n\t\t\t\t<\/div>","protected":false},"excerpt":{"rendered":"<p>CANAL \u00c9TICO En el marco de aplicaci\u00f3n de las nuevas legislaciones penales, la Empresa est\u00e1 implantando un Sistema de Gesti\u00f3n para la Prevenci\u00f3n de Delitos (COMPLIANCE)\u00a0que aconseja a las entidades poner a disposici\u00f3n de los trabajadores, as\u00ed como de todas las personas con las cuales se relacione, un medio para elevar consultes y trasladar inquietudes [&hellip;]<\/p>","protected":false},"author":4,"featured_media":0,"parent":0,"menu_order":0,"comment_status":"closed","ping_status":"closed","template":"","meta":{"footnotes":""},"yoast_head":"<!-- This site is optimized with the Yoast SEO plugin v23.2 - https:\/\/yoast.com\/wordpress\/plugins\/seo\/ -->\n<title>Canal \u00c9tico - ADS, An\u00e0lisi\/Disseny de Soft<\/title>\n<meta name=\"robots\" content=\"index, follow, max-snippet:-1, max-image-preview:large, max-video-preview:-1\" \/>\n<link rel=\"canonical\" href=\"https:\/\/www.adssl.com\/es\/canal-etico\/\" \/>\n<meta property=\"og:locale\" content=\"es_ES\" \/>\n<meta property=\"og:type\" content=\"article\" \/>\n<meta property=\"og:title\" content=\"Canal \u00c9tico - ADS, An\u00e0lisi\/Disseny de Soft\" \/>\n<meta property=\"og:description\" content=\"CANAL \u00c9TICO En el marco de aplicaci\u00f3n de las nuevas legislaciones penales, la Empresa est\u00e1 implantando un Sistema de Gesti\u00f3n para la Prevenci\u00f3n de Delitos (COMPLIANCE)\u00a0que aconseja a las entidades poner a disposici\u00f3n de los trabajadores, as\u00ed como de todas las personas con las cuales se relacione, un medio para elevar consultes y trasladar inquietudes [&hellip;]\" \/>\n<meta property=\"og:url\" content=\"https:\/\/www.adssl.com\/es\/canal-etico\/\" \/>\n<meta property=\"og:site_name\" content=\"ADS, An\u00e0lisi\/Disseny de Soft\" \/>\n<meta property=\"article:publisher\" content=\"https:\/\/www.facebook.com\/ADS-An%c3%a0lisiDisseny-de-Soft-SLU-156582594398681\/\" \/>\n<meta property=\"article:modified_time\" content=\"2025-07-09T11:19:31+00:00\" \/>\n<meta name=\"twitter:card\" content=\"summary_large_image\" \/>\n<meta name=\"twitter:site\" content=\"@ADSOlot\" \/>\n<meta name=\"twitter:label1\" content=\"Tiempo de lectura\" \/>\n\t<meta name=\"twitter:data1\" content=\"2 minutos\" \/>\n<script type=\"application\/ld+json\" class=\"yoast-schema-graph\">{\"@context\":\"https:\/\/schema.org\",\"@graph\":[{\"@type\":\"WebPage\",\"@id\":\"https:\/\/www.adssl.com\/canal-etico\/\",\"url\":\"https:\/\/www.adssl.com\/canal-etico\/\",\"name\":\"Canal \u00c9tico - ADS, An\u00e0lisi\/Disseny de Soft\",\"isPartOf\":{\"@id\":\"https:\/\/www.adssl.com\/#website\"},\"datePublished\":\"2024-03-25T13:10:03+00:00\",\"dateModified\":\"2025-07-09T11:19:31+00:00\",\"breadcrumb\":{\"@id\":\"https:\/\/www.adssl.com\/canal-etico\/#breadcrumb\"},\"inLanguage\":\"es\",\"potentialAction\":[{\"@type\":\"ReadAction\",\"target\":[\"https:\/\/www.adssl.com\/canal-etico\/\"]}]},{\"@type\":\"BreadcrumbList\",\"@id\":\"https:\/\/www.adssl.com\/canal-etico\/#breadcrumb\",\"itemListElement\":[{\"@type\":\"ListItem\",\"position\":1,\"name\":\"Portada\",\"item\":\"https:\/\/www.adssl.com\/\"},{\"@type\":\"ListItem\",\"position\":2,\"name\":\"Canal \u00c9tico\"}]},{\"@type\":\"WebSite\",\"@id\":\"https:\/\/www.adssl.com\/#website\",\"url\":\"https:\/\/www.adssl.com\/\",\"name\":\"ADS, An\u00e0lisi\/Disseny de Soft\",\"description\":\"Serveis inform\u00e0tics\",\"publisher\":{\"@id\":\"https:\/\/www.adssl.com\/#organization\"},\"potentialAction\":[{\"@type\":\"SearchAction\",\"target\":{\"@type\":\"EntryPoint\",\"urlTemplate\":\"https:\/\/www.adssl.com\/?s={search_term_string}\"},\"query-input\":\"required name=search_term_string\"}],\"inLanguage\":\"es\"},{\"@type\":\"Organization\",\"@id\":\"https:\/\/www.adssl.com\/#organization\",\"name\":\"ADS, An\u00e0lisi\/Disseny de Soft\",\"url\":\"https:\/\/www.adssl.com\/\",\"logo\":{\"@type\":\"ImageObject\",\"inLanguage\":\"es\",\"@id\":\"https:\/\/www.adssl.com\/#\/schema\/logo\/image\/\",\"url\":\"https:\/\/www.adssl.com\/wp-content\/uploads\/2020\/12\/cropped-Logo_A.png\",\"contentUrl\":\"https:\/\/www.adssl.com\/wp-content\/uploads\/2020\/12\/cropped-Logo_A.png\",\"width\":194,\"height\":120,\"caption\":\"ADS, An\u00e0lisi\/Disseny de Soft\"},\"image\":{\"@id\":\"https:\/\/www.adssl.com\/#\/schema\/logo\/image\/\"},\"sameAs\":[\"https:\/\/www.facebook.com\/ADS-An\u00e0lisiDisseny-de-Soft-SLU-156582594398681\/\",\"https:\/\/x.com\/ADSOlot\",\"https:\/\/es.linkedin.com\/company\/ads-analisi-disseny-de-soft-sl\",\"https:\/\/youtu.be\/swDmw2qXphU\"]}]}<\/script>\n<!-- \/ Yoast SEO plugin. -->","yoast_head_json":{"title":"Canal \u00c9tico - ADS, An\u00e0lisi\/Disseny de Soft","robots":{"index":"index","follow":"follow","max-snippet":"max-snippet:-1","max-image-preview":"max-image-preview:large","max-video-preview":"max-video-preview:-1"},"canonical":"https:\/\/www.adssl.com\/es\/canal-etico\/","og_locale":"es_ES","og_type":"article","og_title":"Canal \u00c9tico - ADS, An\u00e0lisi\/Disseny de Soft","og_description":"CANAL \u00c9TICO En el marco de aplicaci\u00f3n de las nuevas legislaciones penales, la Empresa est\u00e1 implantando un Sistema de Gesti\u00f3n para la Prevenci\u00f3n de Delitos (COMPLIANCE)\u00a0que aconseja a las entidades poner a disposici\u00f3n de los trabajadores, as\u00ed como de todas las personas con las cuales se relacione, un medio para elevar consultes y trasladar inquietudes [&hellip;]","og_url":"https:\/\/www.adssl.com\/es\/canal-etico\/","og_site_name":"ADS, An\u00e0lisi\/Disseny de Soft","article_publisher":"https:\/\/www.facebook.com\/ADS-An%c3%a0lisiDisseny-de-Soft-SLU-156582594398681\/","article_modified_time":"2025-07-09T11:19:31+00:00","twitter_card":"summary_large_image","twitter_site":"@ADSOlot","twitter_misc":{"Tiempo de lectura":"2 minutos"},"schema":{"@context":"https:\/\/schema.org","@graph":[{"@type":"WebPage","@id":"https:\/\/www.adssl.com\/canal-etico\/","url":"https:\/\/www.adssl.com\/canal-etico\/","name":"Canal \u00c9tico - ADS, An\u00e0lisi\/Disseny de Soft","isPartOf":{"@id":"https:\/\/www.adssl.com\/#website"},"datePublished":"2024-03-25T13:10:03+00:00","dateModified":"2025-07-09T11:19:31+00:00","breadcrumb":{"@id":"https:\/\/www.adssl.com\/canal-etico\/#breadcrumb"},"inLanguage":"es","potentialAction":[{"@type":"ReadAction","target":["https:\/\/www.adssl.com\/canal-etico\/"]}]},{"@type":"BreadcrumbList","@id":"https:\/\/www.adssl.com\/canal-etico\/#breadcrumb","itemListElement":[{"@type":"ListItem","position":1,"name":"Portada","item":"https:\/\/www.adssl.com\/"},{"@type":"ListItem","position":2,"name":"Canal \u00c9tico"}]},{"@type":"WebSite","@id":"https:\/\/www.adssl.com\/#website","url":"https:\/\/www.adssl.com\/","name":"ADS, An\u00e0lisi\/Disseny de Soft","description":"Serveis inform\u00e0tics","publisher":{"@id":"https:\/\/www.adssl.com\/#organization"},"potentialAction":[{"@type":"SearchAction","target":{"@type":"EntryPoint","urlTemplate":"https:\/\/www.adssl.com\/?s={search_term_string}"},"query-input":"required name=search_term_string"}],"inLanguage":"es"},{"@type":"Organization","@id":"https:\/\/www.adssl.com\/#organization","name":"ADS, An\u00e0lisi\/Disseny de Soft","url":"https:\/\/www.adssl.com\/","logo":{"@type":"ImageObject","inLanguage":"es","@id":"https:\/\/www.adssl.com\/#\/schema\/logo\/image\/","url":"https:\/\/www.adssl.com\/wp-content\/uploads\/2020\/12\/cropped-Logo_A.png","contentUrl":"https:\/\/www.adssl.com\/wp-content\/uploads\/2020\/12\/cropped-Logo_A.png","width":194,"height":120,"caption":"ADS, An\u00e0lisi\/Disseny de Soft"},"image":{"@id":"https:\/\/www.adssl.com\/#\/schema\/logo\/image\/"},"sameAs":["https:\/\/www.facebook.com\/ADS-An\u00e0lisiDisseny-de-Soft-SLU-156582594398681\/","https:\/\/x.com\/ADSOlot","https:\/\/es.linkedin.com\/company\/ads-analisi-disseny-de-soft-sl","https:\/\/youtu.be\/swDmw2qXphU"]}]}},"_links":{"self":[{"href":"https:\/\/www.adssl.com\/es\/wp-json\/wp\/v2\/pages\/8013"}],"collection":[{"href":"https:\/\/www.adssl.com\/es\/wp-json\/wp\/v2\/pages"}],"about":[{"href":"https:\/\/www.adssl.com\/es\/wp-json\/wp\/v2\/types\/page"}],"author":[{"embeddable":true,"href":"https:\/\/www.adssl.com\/es\/wp-json\/wp\/v2\/users\/4"}],"replies":[{"embeddable":true,"href":"https:\/\/www.adssl.com\/es\/wp-json\/wp\/v2\/comments?post=8013"}],"version-history":[{"count":22,"href":"https:\/\/www.adssl.com\/es\/wp-json\/wp\/v2\/pages\/8013\/revisions"}],"predecessor-version":[{"id":10833,"href":"https:\/\/www.adssl.com\/es\/wp-json\/wp\/v2\/pages\/8013\/revisions\/10833"}],"wp:attachment":[{"href":"https:\/\/www.adssl.com\/es\/wp-json\/wp\/v2\/media?parent=8013"}],"curies":[{"name":"wp","href":"https:\/\/api.w.org\/{rel}","templated":true}]}}