{"id":6726,"date":"2022-01-27T11:37:03","date_gmt":"2022-01-27T10:37:03","guid":{"rendered":"https:\/\/www.adssl.com\/?page_id=6726"},"modified":"2022-01-27T12:02:34","modified_gmt":"2022-01-27T11:02:34","slug":"ciberseguretat","status":"publish","type":"page","link":"https:\/\/www.adssl.com\/es\/ciberseguretat\/","title":{"rendered":"Ciberseguridad"},"content":{"rendered":"<div data-elementor-type=\"wp-page\" data-elementor-id=\"6726\" class=\"elementor elementor-6726\">\n\t\t\t\t\t\t<section class=\"elementor-section elementor-top-section elementor-element elementor-element-698be7a elementor-section-boxed elementor-section-height-default elementor-section-height-default\" data-id=\"698be7a\" data-element_type=\"section\">\n\t\t\t\t\t\t<div class=\"elementor-container elementor-column-gap-default\">\n\t\t\t\t\t<div class=\"elementor-column elementor-col-100 elementor-top-column elementor-element elementor-element-49475c1\" data-id=\"49475c1\" data-element_type=\"column\">\n\t\t\t<div class=\"elementor-widget-wrap elementor-element-populated\">\n\t\t\t\t\t\t<div class=\"elementor-element elementor-element-706010a elementor-widget elementor-widget-heading\" data-id=\"706010a\" data-element_type=\"widget\" data-widget_type=\"heading.default\">\n\t\t\t\t<div class=\"elementor-widget-container\">\n\t\t\t\t\t<h4 class=\"elementor-heading-title elementor-size-default\">Ciberseguridad<\/h4>\t\t\t\t<\/div>\n\t\t\t\t<\/div>\n\t\t\t\t<div class=\"elementor-element elementor-element-7e33ca8 elementor-widget-divider--view-line elementor-widget elementor-widget-divider\" data-id=\"7e33ca8\" data-element_type=\"widget\" data-widget_type=\"divider.default\">\n\t\t\t\t<div class=\"elementor-widget-container\">\n\t\t\t\t\t\t\t<div class=\"elementor-divider\">\n\t\t\t<span class=\"elementor-divider-separator\">\n\t\t\t\t\t\t<\/span>\n\t\t<\/div>\n\t\t\t\t\t\t<\/div>\n\t\t\t\t<\/div>\n\t\t\t\t\t<\/div>\n\t\t<\/div>\n\t\t\t\t\t<\/div>\n\t\t<\/section>\n\t\t\t\t<section class=\"elementor-section elementor-top-section elementor-element elementor-element-7ffd13c elementor-section-boxed elementor-section-height-default elementor-section-height-default\" data-id=\"7ffd13c\" data-element_type=\"section\">\n\t\t\t\t\t\t<div class=\"elementor-container elementor-column-gap-default\">\n\t\t\t\t\t<div class=\"elementor-column elementor-col-33 elementor-top-column elementor-element elementor-element-8b15842\" data-id=\"8b15842\" data-element_type=\"column\">\n\t\t\t<div class=\"elementor-widget-wrap elementor-element-populated\">\n\t\t\t\t\t\t<div class=\"elementor-element elementor-element-c631bc6 elementor-widget-divider--view-line elementor-widget elementor-widget-divider\" data-id=\"c631bc6\" data-element_type=\"widget\" data-widget_type=\"divider.default\">\n\t\t\t\t<div class=\"elementor-widget-container\">\n\t\t\t\t\t\t\t<div class=\"elementor-divider\">\n\t\t\t<span class=\"elementor-divider-separator\">\n\t\t\t\t\t\t<\/span>\n\t\t<\/div>\n\t\t\t\t\t\t<\/div>\n\t\t\t\t<\/div>\n\t\t\t\t<div class=\"elementor-element elementor-element-07f5d89 elementor-widget elementor-widget-heading\" data-id=\"07f5d89\" data-element_type=\"widget\" data-widget_type=\"heading.default\">\n\t\t\t\t<div class=\"elementor-widget-container\">\n\t\t\t\t\t<h2 class=\"elementor-heading-title elementor-size-default\">Import de l'ajuda<\/h2>\t\t\t\t<\/div>\n\t\t\t\t<\/div>\n\t\t\t\t<div class=\"elementor-element elementor-element-ef4e2c5 elementor-widget elementor-widget-text-editor\" data-id=\"ef4e2c5\" data-element_type=\"widget\" data-widget_type=\"text-editor.default\">\n\t\t\t\t<div class=\"elementor-widget-container\">\n\t\t\t\t\t\t\t\t\t<h5><strong>Ajuda m\u00e0xima<\/strong><\/h5><h2><strong>6.000\u20ac<\/strong><\/h2>\t\t\t\t\t\t\t\t<\/div>\n\t\t\t\t<\/div>\n\t\t\t\t<div class=\"elementor-element elementor-element-b68e00b elementor-widget-divider--view-line elementor-widget elementor-widget-divider\" data-id=\"b68e00b\" data-element_type=\"widget\" data-widget_type=\"divider.default\">\n\t\t\t\t<div class=\"elementor-widget-container\">\n\t\t\t\t\t\t\t<div class=\"elementor-divider\">\n\t\t\t<span class=\"elementor-divider-separator\">\n\t\t\t\t\t\t<\/span>\n\t\t<\/div>\n\t\t\t\t\t\t<\/div>\n\t\t\t\t<\/div>\n\t\t\t\t\t<\/div>\n\t\t<\/div>\n\t\t\t\t<div class=\"elementor-column elementor-col-66 elementor-top-column elementor-element elementor-element-b4db2fe\" data-id=\"b4db2fe\" data-element_type=\"column\">\n\t\t\t<div class=\"elementor-widget-wrap elementor-element-populated\">\n\t\t\t\t\t\t<div class=\"elementor-element elementor-element-9fa0c7b elementor-widget elementor-widget-text-editor\" data-id=\"9fa0c7b\" data-element_type=\"widget\" data-widget_type=\"text-editor.default\">\n\t\t\t\t<div class=\"elementor-widget-container\">\n\t\t\t\t\t\t\t\t\t<p>L&#8217;objectiu d&#8217;aquesta soluci\u00f3 \u00e9s proporcionar seguretat b\u00e0sica i avan\u00e7ada per als dispositius dels empleats.<\/p>\t\t\t\t\t\t\t\t<\/div>\n\t\t\t\t<\/div>\n\t\t\t\t<div class=\"elementor-element elementor-element-a42e111 elementor-widget elementor-widget-heading\" data-id=\"a42e111\" data-element_type=\"widget\" data-widget_type=\"heading.default\">\n\t\t\t\t<div class=\"elementor-widget-container\">\n\t\t\t\t\t<h4 class=\"elementor-heading-title elementor-size-default\">Funcionalitats i serveis<\/h4>\t\t\t\t<\/div>\n\t\t\t\t<\/div>\n\t\t\t\t<div class=\"elementor-element elementor-element-84f69d7 elementor-widget-divider--view-line elementor-widget elementor-widget-divider\" data-id=\"84f69d7\" data-element_type=\"widget\" data-widget_type=\"divider.default\">\n\t\t\t\t<div class=\"elementor-widget-container\">\n\t\t\t\t\t\t\t<div class=\"elementor-divider\">\n\t\t\t<span class=\"elementor-divider-separator\">\n\t\t\t\t\t\t<\/span>\n\t\t<\/div>\n\t\t\t\t\t\t<\/div>\n\t\t\t\t<\/div>\n\t\t\t\t<div class=\"elementor-element elementor-element-3240fe2 elementor-widget elementor-widget-text-editor\" data-id=\"3240fe2\" data-element_type=\"widget\" data-widget_type=\"text-editor.default\">\n\t\t\t\t<div class=\"elementor-widget-container\">\n\t\t\t\t\t\t\t\t\t<ul><li><strong>Antimalware<\/strong>: tindr\u00e0s a la teva disposici\u00f3 una eina que analitzi el dispositiu, la mem\u00f2ria interna i els dispositius d&#8217;emmagatzematge externs.<\/li><li><strong>Antispyware<\/strong>: disposar\u00e0s d&#8217;una eina que detecti i eviti el malware espia.<\/li><li><strong>Correu segur<\/strong>: tindr\u00e0s eines d&#8217;an\u00e0lisi del correu electr\u00f2nic amb les caracter\u00edstiques seg\u00fcents:<ul><li><strong>Antispam<\/strong>, amb detecci\u00f3 i filtre de correu no desitjat.<\/li><li><strong>Antiphishing<\/strong>, amb detecci\u00f3 de correus amb enlla\u00e7os o codi malici\u00f3s que se sospita serveixin per robar credencials.<\/li><\/ul><\/li><li><strong>Navegaci\u00f3 segura<\/strong>: tindr\u00e0s assegurat:<ul><li><strong>Control de continguts<\/strong><\/li><li><strong>Anti-adware<\/strong> per evitar anuncis maliciosos.<\/li><li><strong>An\u00e0lisi i detecci\u00f3 d&#8217;amenaces<\/strong>: ser\u00e0s capa\u00e7 de con\u00e8ixer el comportament de les amenaces conegudes i noves.<\/li><li><strong>Monitoritzaci\u00f3 de la xarxa<\/strong>: tindreu eines que analitzen el tr\u00e0nsit de xarxa i us alerten d&#8217;amenaces.<\/li><li><strong>Configuraci\u00f3 inicial i actualitzacions de seguretat<\/strong>: disposar\u00e0s d&#8217;una configuraci\u00f3 inicial per al seu \u00fas correcte, amb les respectives actualitzacions de firmes de codi malici\u00f3s i altres dades per a detecci\u00f3 d&#8217;amenaces a m\u00e9s de les actualitzacions de programari de seguretat peri\u00f2diques requerides.<\/li><li><strong>Requisits especials de formaci\u00f3<\/strong>: disposar\u00e0s de formaci\u00f3 per a la configuraci\u00f3 del programari de seguretat, i tindr\u00e0s un kit de conscienciaci\u00f3 en ciberseguretat per complementar la soluci\u00f3 amb habilitats de firewall hum\u00e0.<\/li><\/ul><\/li><\/ul>\t\t\t\t\t\t\t\t<\/div>\n\t\t\t\t<\/div>\n\t\t\t\t<div class=\"elementor-element elementor-element-c2ced0e elementor-widget elementor-widget-heading\" data-id=\"c2ced0e\" data-element_type=\"widget\" data-widget_type=\"heading.default\">\n\t\t\t\t<div class=\"elementor-widget-container\">\n\t\t\t\t\t<h4 class=\"elementor-heading-title elementor-size-default\">Percentatges d'execuci\u00f3 associats a les fases<\/h4>\t\t\t\t<\/div>\n\t\t\t\t<\/div>\n\t\t\t\t<div class=\"elementor-element elementor-element-9e40e8d elementor-widget-divider--view-line elementor-widget elementor-widget-divider\" data-id=\"9e40e8d\" data-element_type=\"widget\" data-widget_type=\"divider.default\">\n\t\t\t\t<div class=\"elementor-widget-container\">\n\t\t\t\t\t\t\t<div class=\"elementor-divider\">\n\t\t\t<span class=\"elementor-divider-separator\">\n\t\t\t\t\t\t<\/span>\n\t\t<\/div>\n\t\t\t\t\t\t<\/div>\n\t\t\t\t<\/div>\n\t\t\t\t<div class=\"elementor-element elementor-element-04e708b elementor-widget elementor-widget-text-editor\" data-id=\"04e708b\" data-element_type=\"widget\" data-widget_type=\"text-editor.default\">\n\t\t\t\t<div class=\"elementor-widget-container\">\n\t\t\t\t\t\t\t\t\t<ul><li>Primera: 70%<\/li><li>Segona: 30%<\/li><\/ul>\t\t\t\t\t\t\t\t<\/div>\n\t\t\t\t<\/div>\n\t\t\t\t<div class=\"elementor-element elementor-element-3b09a34 elementor-widget elementor-widget-heading\" data-id=\"3b09a34\" data-element_type=\"widget\" data-widget_type=\"heading.default\">\n\t\t\t\t<div class=\"elementor-widget-container\">\n\t\t\t\t\t<h4 class=\"elementor-heading-title elementor-size-default\">Import m\u00e0xim de lajuda<\/h4>\t\t\t\t<\/div>\n\t\t\t\t<\/div>\n\t\t\t\t<div class=\"elementor-element elementor-element-00f5127 elementor-widget-divider--view-line elementor-widget elementor-widget-divider\" data-id=\"00f5127\" data-element_type=\"widget\" data-widget_type=\"divider.default\">\n\t\t\t\t<div class=\"elementor-widget-container\">\n\t\t\t\t\t\t\t<div class=\"elementor-divider\">\n\t\t\t<span class=\"elementor-divider-separator\">\n\t\t\t\t\t\t<\/span>\n\t\t<\/div>\n\t\t\t\t\t\t<\/div>\n\t\t\t\t<\/div>\n\t\t\t\t<div class=\"elementor-element elementor-element-19ffd64 elementor-widget elementor-widget-text-editor\" data-id=\"19ffd64\" data-element_type=\"widget\" data-widget_type=\"text-editor.default\">\n\t\t\t\t<div class=\"elementor-widget-container\">\n\t\t\t\t\t\t\t\t\t<ul><li>0 &lt; 3 empleats: 125\u20ac\/dispositiu (fins a 2 dispositius)<\/li><li>3 &lt; 9 empleats: 125\u20ac\/dispositiu (fins a 9 dispositius)<\/li><li>10 &lt; 50 empleats: 125\u20ac\/dispositiu (fins a 48 dispositius)<\/li><\/ul>\t\t\t\t\t\t\t\t<\/div>\n\t\t\t\t<\/div>\n\t\t\t\t\t<\/div>\n\t\t<\/div>\n\t\t\t\t\t<\/div>\n\t\t<\/section>\n\t\t\t\t<section class=\"elementor-section elementor-top-section elementor-element elementor-element-156ce4e elementor-section-boxed elementor-section-height-default elementor-section-height-default\" data-id=\"156ce4e\" data-element_type=\"section\">\n\t\t\t\t\t\t<div class=\"elementor-container elementor-column-gap-default\">\n\t\t\t\t\t<div class=\"elementor-column elementor-col-100 elementor-top-column elementor-element elementor-element-f116433\" data-id=\"f116433\" data-element_type=\"column\">\n\t\t\t<div class=\"elementor-widget-wrap elementor-element-populated\">\n\t\t\t\t\t\t<section class=\"elementor-section elementor-inner-section elementor-element elementor-element-b2177aa elementor-section-boxed elementor-section-height-default elementor-section-height-default\" data-id=\"b2177aa\" data-element_type=\"section\">\n\t\t\t\t\t\t<div class=\"elementor-container elementor-column-gap-default\">\n\t\t\t\t\t<div class=\"elementor-column elementor-col-100 elementor-inner-column elementor-element elementor-element-9f41c7b\" data-id=\"9f41c7b\" data-element_type=\"column\">\n\t\t\t<div class=\"elementor-widget-wrap elementor-element-populated\">\n\t\t\t\t\t\t<div class=\"elementor-element elementor-element-fa1445a elementor-widget elementor-widget-text-editor\" data-id=\"fa1445a\" data-element_type=\"widget\" data-widget_type=\"text-editor.default\">\n\t\t\t\t<div class=\"elementor-widget-container\">\n\t\t\t\t\t\t\t\t\t<div class=\"border-bottom border-primary\"><p><span style=\"font-size: 16px;\">Fondo Europeo de Desarrollo Regional<\/span><\/p><\/div>\t\t\t\t\t\t\t\t<\/div>\n\t\t\t\t<\/div>\n\t\t\t\t<div class=\"elementor-element elementor-element-ebc7291 elementor-widget-divider--view-line elementor-widget elementor-widget-divider\" data-id=\"ebc7291\" data-element_type=\"widget\" data-widget_type=\"divider.default\">\n\t\t\t\t<div class=\"elementor-widget-container\">\n\t\t\t\t\t\t\t<div class=\"elementor-divider\">\n\t\t\t<span class=\"elementor-divider-separator\">\n\t\t\t\t\t\t<\/span>\n\t\t<\/div>\n\t\t\t\t\t\t<\/div>\n\t\t\t\t<\/div>\n\t\t\t\t<div class=\"elementor-element elementor-element-78816ed elementor-widget elementor-widget-heading\" data-id=\"78816ed\" data-element_type=\"widget\" data-widget_type=\"heading.default\">\n\t\t\t\t<div class=\"elementor-widget-container\">\n\t\t\t\t\t<h2 class=\"elementor-heading-title elementor-size-default\">Logos<\/h2>\t\t\t\t<\/div>\n\t\t\t\t<\/div>\n\t\t\t\t\t<\/div>\n\t\t<\/div>\n\t\t\t\t\t<\/div>\n\t\t<\/section>\n\t\t\t\t\t<\/div>\n\t\t<\/div>\n\t\t\t\t\t<\/div>\n\t\t<\/section>\n\t\t\t\t<\/div>","protected":false},"excerpt":{"rendered":"<p>Ciberseguretat Import de l&#8217;ajuda Ajuda m\u00e0xima 6.000\u20ac L&#8217;objectiu d&#8217;aquesta soluci\u00f3 \u00e9s proporcionar seguretat b\u00e0sica i avan\u00e7ada per als dispositius dels empleats. Funcionalitats i serveis Antimalware: tindr\u00e0s a la teva disposici\u00f3 una eina que analitzi el dispositiu, la mem\u00f2ria interna i els dispositius d&#8217;emmagatzematge externs. Antispyware: disposar\u00e0s d&#8217;una eina que detecti i eviti el malware espia. [&hellip;]<\/p>","protected":false},"author":4,"featured_media":0,"parent":0,"menu_order":0,"comment_status":"closed","ping_status":"closed","template":"","meta":{"footnotes":""},"class_list":["post-6726","page","type-page","status-publish","hentry"],"yoast_head":"<!-- This site is optimized with the Yoast SEO plugin v23.2 - https:\/\/yoast.com\/wordpress\/plugins\/seo\/ -->\n<title>Ciberseguretat - ADS, An\u00e0lisi\/Disseny de Soft<\/title>\n<meta name=\"robots\" content=\"index, follow, max-snippet:-1, max-image-preview:large, max-video-preview:-1\" \/>\n<link rel=\"canonical\" href=\"https:\/\/www.adssl.com\/es\/ciberseguretat\/\" \/>\n<meta property=\"og:locale\" content=\"es_ES\" \/>\n<meta property=\"og:type\" content=\"article\" \/>\n<meta property=\"og:title\" content=\"Ciberseguretat - ADS, An\u00e0lisi\/Disseny de Soft\" \/>\n<meta property=\"og:description\" content=\"Ciberseguretat Import de l&#8217;ajuda Ajuda m\u00e0xima 6.000\u20ac L&#8217;objectiu d&#8217;aquesta soluci\u00f3 \u00e9s proporcionar seguretat b\u00e0sica i avan\u00e7ada per als dispositius dels empleats. Funcionalitats i serveis Antimalware: tindr\u00e0s a la teva disposici\u00f3 una eina que analitzi el dispositiu, la mem\u00f2ria interna i els dispositius d&#8217;emmagatzematge externs. Antispyware: disposar\u00e0s d&#8217;una eina que detecti i eviti el malware espia. [&hellip;]\" \/>\n<meta property=\"og:url\" content=\"https:\/\/www.adssl.com\/es\/ciberseguretat\/\" \/>\n<meta property=\"og:site_name\" content=\"ADS, An\u00e0lisi\/Disseny de Soft\" \/>\n<meta property=\"article:publisher\" content=\"https:\/\/www.facebook.com\/ADS-An%c3%a0lisiDisseny-de-Soft-SLU-156582594398681\/\" \/>\n<meta property=\"article:modified_time\" content=\"2022-01-27T11:02:34+00:00\" \/>\n<meta name=\"twitter:card\" content=\"summary_large_image\" \/>\n<meta name=\"twitter:site\" content=\"@ADSOlot\" \/>\n<meta name=\"twitter:label1\" content=\"Tiempo de lectura\" \/>\n\t<meta name=\"twitter:data1\" content=\"2 minutos\" \/>\n<script type=\"application\/ld+json\" class=\"yoast-schema-graph\">{\"@context\":\"https:\/\/schema.org\",\"@graph\":[{\"@type\":\"WebPage\",\"@id\":\"https:\/\/www.adssl.com\/ciberseguretat\/\",\"url\":\"https:\/\/www.adssl.com\/ciberseguretat\/\",\"name\":\"Ciberseguretat - ADS, An\u00e0lisi\/Disseny de Soft\",\"isPartOf\":{\"@id\":\"https:\/\/www.adssl.com\/#website\"},\"datePublished\":\"2022-01-27T10:37:03+00:00\",\"dateModified\":\"2022-01-27T11:02:34+00:00\",\"breadcrumb\":{\"@id\":\"https:\/\/www.adssl.com\/ciberseguretat\/#breadcrumb\"},\"inLanguage\":\"es\",\"potentialAction\":[{\"@type\":\"ReadAction\",\"target\":[\"https:\/\/www.adssl.com\/ciberseguretat\/\"]}]},{\"@type\":\"BreadcrumbList\",\"@id\":\"https:\/\/www.adssl.com\/ciberseguretat\/#breadcrumb\",\"itemListElement\":[{\"@type\":\"ListItem\",\"position\":1,\"name\":\"Portada\",\"item\":\"https:\/\/www.adssl.com\/\"},{\"@type\":\"ListItem\",\"position\":2,\"name\":\"Ciberseguretat\"}]},{\"@type\":\"WebSite\",\"@id\":\"https:\/\/www.adssl.com\/#website\",\"url\":\"https:\/\/www.adssl.com\/\",\"name\":\"ADS, An\u00e0lisi\/Disseny de Soft\",\"description\":\"Serveis inform\u00e0tics\",\"publisher\":{\"@id\":\"https:\/\/www.adssl.com\/#organization\"},\"potentialAction\":[{\"@type\":\"SearchAction\",\"target\":{\"@type\":\"EntryPoint\",\"urlTemplate\":\"https:\/\/www.adssl.com\/?s={search_term_string}\"},\"query-input\":\"required name=search_term_string\"}],\"inLanguage\":\"es\"},{\"@type\":\"Organization\",\"@id\":\"https:\/\/www.adssl.com\/#organization\",\"name\":\"ADS, An\u00e0lisi\/Disseny de Soft\",\"url\":\"https:\/\/www.adssl.com\/\",\"logo\":{\"@type\":\"ImageObject\",\"inLanguage\":\"es\",\"@id\":\"https:\/\/www.adssl.com\/#\/schema\/logo\/image\/\",\"url\":\"https:\/\/www.adssl.com\/wp-content\/uploads\/2020\/12\/cropped-Logo_A.png\",\"contentUrl\":\"https:\/\/www.adssl.com\/wp-content\/uploads\/2020\/12\/cropped-Logo_A.png\",\"width\":194,\"height\":120,\"caption\":\"ADS, An\u00e0lisi\/Disseny de Soft\"},\"image\":{\"@id\":\"https:\/\/www.adssl.com\/#\/schema\/logo\/image\/\"},\"sameAs\":[\"https:\/\/www.facebook.com\/ADS-An\u00e0lisiDisseny-de-Soft-SLU-156582594398681\/\",\"https:\/\/x.com\/ADSOlot\",\"https:\/\/es.linkedin.com\/company\/ads-analisi-disseny-de-soft-sl\",\"https:\/\/youtu.be\/swDmw2qXphU\"]}]}<\/script>\n<!-- \/ Yoast SEO plugin. -->","yoast_head_json":{"title":"Ciberseguretat - ADS, An\u00e0lisi\/Disseny de Soft","robots":{"index":"index","follow":"follow","max-snippet":"max-snippet:-1","max-image-preview":"max-image-preview:large","max-video-preview":"max-video-preview:-1"},"canonical":"https:\/\/www.adssl.com\/es\/ciberseguretat\/","og_locale":"es_ES","og_type":"article","og_title":"Ciberseguretat - ADS, An\u00e0lisi\/Disseny de Soft","og_description":"Ciberseguretat Import de l&#8217;ajuda Ajuda m\u00e0xima 6.000\u20ac L&#8217;objectiu d&#8217;aquesta soluci\u00f3 \u00e9s proporcionar seguretat b\u00e0sica i avan\u00e7ada per als dispositius dels empleats. Funcionalitats i serveis Antimalware: tindr\u00e0s a la teva disposici\u00f3 una eina que analitzi el dispositiu, la mem\u00f2ria interna i els dispositius d&#8217;emmagatzematge externs. Antispyware: disposar\u00e0s d&#8217;una eina que detecti i eviti el malware espia. [&hellip;]","og_url":"https:\/\/www.adssl.com\/es\/ciberseguretat\/","og_site_name":"ADS, An\u00e0lisi\/Disseny de Soft","article_publisher":"https:\/\/www.facebook.com\/ADS-An%c3%a0lisiDisseny-de-Soft-SLU-156582594398681\/","article_modified_time":"2022-01-27T11:02:34+00:00","twitter_card":"summary_large_image","twitter_site":"@ADSOlot","twitter_misc":{"Tiempo de lectura":"2 minutos"},"schema":{"@context":"https:\/\/schema.org","@graph":[{"@type":"WebPage","@id":"https:\/\/www.adssl.com\/ciberseguretat\/","url":"https:\/\/www.adssl.com\/ciberseguretat\/","name":"Ciberseguretat - ADS, An\u00e0lisi\/Disseny de Soft","isPartOf":{"@id":"https:\/\/www.adssl.com\/#website"},"datePublished":"2022-01-27T10:37:03+00:00","dateModified":"2022-01-27T11:02:34+00:00","breadcrumb":{"@id":"https:\/\/www.adssl.com\/ciberseguretat\/#breadcrumb"},"inLanguage":"es","potentialAction":[{"@type":"ReadAction","target":["https:\/\/www.adssl.com\/ciberseguretat\/"]}]},{"@type":"BreadcrumbList","@id":"https:\/\/www.adssl.com\/ciberseguretat\/#breadcrumb","itemListElement":[{"@type":"ListItem","position":1,"name":"Portada","item":"https:\/\/www.adssl.com\/"},{"@type":"ListItem","position":2,"name":"Ciberseguretat"}]},{"@type":"WebSite","@id":"https:\/\/www.adssl.com\/#website","url":"https:\/\/www.adssl.com\/","name":"ADS, An\u00e0lisi\/Disseny de Soft","description":"Serveis inform\u00e0tics","publisher":{"@id":"https:\/\/www.adssl.com\/#organization"},"potentialAction":[{"@type":"SearchAction","target":{"@type":"EntryPoint","urlTemplate":"https:\/\/www.adssl.com\/?s={search_term_string}"},"query-input":"required name=search_term_string"}],"inLanguage":"es"},{"@type":"Organization","@id":"https:\/\/www.adssl.com\/#organization","name":"ADS, An\u00e0lisi\/Disseny de Soft","url":"https:\/\/www.adssl.com\/","logo":{"@type":"ImageObject","inLanguage":"es","@id":"https:\/\/www.adssl.com\/#\/schema\/logo\/image\/","url":"https:\/\/www.adssl.com\/wp-content\/uploads\/2020\/12\/cropped-Logo_A.png","contentUrl":"https:\/\/www.adssl.com\/wp-content\/uploads\/2020\/12\/cropped-Logo_A.png","width":194,"height":120,"caption":"ADS, An\u00e0lisi\/Disseny de Soft"},"image":{"@id":"https:\/\/www.adssl.com\/#\/schema\/logo\/image\/"},"sameAs":["https:\/\/www.facebook.com\/ADS-An\u00e0lisiDisseny-de-Soft-SLU-156582594398681\/","https:\/\/x.com\/ADSOlot","https:\/\/es.linkedin.com\/company\/ads-analisi-disseny-de-soft-sl","https:\/\/youtu.be\/swDmw2qXphU"]}]}},"_links":{"self":[{"href":"https:\/\/www.adssl.com\/es\/wp-json\/wp\/v2\/pages\/6726","targetHints":{"allow":["GET"]}}],"collection":[{"href":"https:\/\/www.adssl.com\/es\/wp-json\/wp\/v2\/pages"}],"about":[{"href":"https:\/\/www.adssl.com\/es\/wp-json\/wp\/v2\/types\/page"}],"author":[{"embeddable":true,"href":"https:\/\/www.adssl.com\/es\/wp-json\/wp\/v2\/users\/4"}],"replies":[{"embeddable":true,"href":"https:\/\/www.adssl.com\/es\/wp-json\/wp\/v2\/comments?post=6726"}],"version-history":[{"count":13,"href":"https:\/\/www.adssl.com\/es\/wp-json\/wp\/v2\/pages\/6726\/revisions"}],"predecessor-version":[{"id":6740,"href":"https:\/\/www.adssl.com\/es\/wp-json\/wp\/v2\/pages\/6726\/revisions\/6740"}],"wp:attachment":[{"href":"https:\/\/www.adssl.com\/es\/wp-json\/wp\/v2\/media?parent=6726"}],"curies":[{"name":"wp","href":"https:\/\/api.w.org\/{rel}","templated":true}]}}