{"id":6656,"date":"2022-01-27T08:53:30","date_gmt":"2022-01-27T07:53:30","guid":{"rendered":"https:\/\/www.adssl.com\/?page_id=6656"},"modified":"2022-01-27T10:27:02","modified_gmt":"2022-01-27T09:27:02","slug":"gestio-de-processos","status":"publish","type":"page","link":"https:\/\/www.adssl.com\/es\/gestio-de-processos\/","title":{"rendered":"Gesti\u00f3 de processos"},"content":{"rendered":"<div data-elementor-type=\"wp-page\" data-elementor-id=\"6656\" class=\"elementor elementor-6656\">\n\t\t\t\t\t\t<section class=\"elementor-section elementor-top-section elementor-element elementor-element-698be7a elementor-section-boxed elementor-section-height-default elementor-section-height-default\" data-id=\"698be7a\" data-element_type=\"section\">\n\t\t\t\t\t\t<div class=\"elementor-container elementor-column-gap-default\">\n\t\t\t\t\t<div class=\"elementor-column elementor-col-100 elementor-top-column elementor-element elementor-element-49475c1\" data-id=\"49475c1\" data-element_type=\"column\">\n\t\t\t<div class=\"elementor-widget-wrap elementor-element-populated\">\n\t\t\t\t\t\t<div class=\"elementor-element elementor-element-706010a elementor-widget elementor-widget-heading\" data-id=\"706010a\" data-element_type=\"widget\" data-widget_type=\"heading.default\">\n\t\t\t\t<div class=\"elementor-widget-container\">\n\t\t\t\t\t<h4 class=\"elementor-heading-title elementor-size-default\">Gesti\u00f3 de processos<\/h4>\t\t\t\t<\/div>\n\t\t\t\t<\/div>\n\t\t\t\t<div class=\"elementor-element elementor-element-7e33ca8 elementor-widget-divider--view-line elementor-widget elementor-widget-divider\" data-id=\"7e33ca8\" data-element_type=\"widget\" data-widget_type=\"divider.default\">\n\t\t\t\t<div class=\"elementor-widget-container\">\n\t\t\t\t\t\t\t<div class=\"elementor-divider\">\n\t\t\t<span class=\"elementor-divider-separator\">\n\t\t\t\t\t\t<\/span>\n\t\t<\/div>\n\t\t\t\t\t\t<\/div>\n\t\t\t\t<\/div>\n\t\t\t\t\t<\/div>\n\t\t<\/div>\n\t\t\t\t\t<\/div>\n\t\t<\/section>\n\t\t\t\t<section class=\"elementor-section elementor-top-section elementor-element elementor-element-7ffd13c elementor-section-boxed elementor-section-height-default elementor-section-height-default\" data-id=\"7ffd13c\" data-element_type=\"section\">\n\t\t\t\t\t\t<div class=\"elementor-container elementor-column-gap-default\">\n\t\t\t\t\t<div class=\"elementor-column elementor-col-33 elementor-top-column elementor-element elementor-element-8b15842\" data-id=\"8b15842\" data-element_type=\"column\">\n\t\t\t<div class=\"elementor-widget-wrap elementor-element-populated\">\n\t\t\t\t\t\t<div class=\"elementor-element elementor-element-c631bc6 elementor-widget-divider--view-line elementor-widget elementor-widget-divider\" data-id=\"c631bc6\" data-element_type=\"widget\" data-widget_type=\"divider.default\">\n\t\t\t\t<div class=\"elementor-widget-container\">\n\t\t\t\t\t\t\t<div class=\"elementor-divider\">\n\t\t\t<span class=\"elementor-divider-separator\">\n\t\t\t\t\t\t<\/span>\n\t\t<\/div>\n\t\t\t\t\t\t<\/div>\n\t\t\t\t<\/div>\n\t\t\t\t<div class=\"elementor-element elementor-element-07f5d89 elementor-widget elementor-widget-heading\" data-id=\"07f5d89\" data-element_type=\"widget\" data-widget_type=\"heading.default\">\n\t\t\t\t<div class=\"elementor-widget-container\">\n\t\t\t\t\t<h2 class=\"elementor-heading-title elementor-size-default\">Import de l'ajuda<\/h2>\t\t\t\t<\/div>\n\t\t\t\t<\/div>\n\t\t\t\t<div class=\"elementor-element elementor-element-ef4e2c5 elementor-widget elementor-widget-text-editor\" data-id=\"ef4e2c5\" data-element_type=\"widget\" data-widget_type=\"text-editor.default\">\n\t\t\t\t<div class=\"elementor-widget-container\">\n\t\t\t\t\t\t\t\t\t<h5><strong>Ajuda m\u00e0xima<\/strong><\/h5><h2><strong>6.000\u20ac<\/strong><\/h2>\t\t\t\t\t\t\t\t<\/div>\n\t\t\t\t<\/div>\n\t\t\t\t<div class=\"elementor-element elementor-element-b68e00b elementor-widget-divider--view-line elementor-widget elementor-widget-divider\" data-id=\"b68e00b\" data-element_type=\"widget\" data-widget_type=\"divider.default\">\n\t\t\t\t<div class=\"elementor-widget-container\">\n\t\t\t\t\t\t\t<div class=\"elementor-divider\">\n\t\t\t<span class=\"elementor-divider-separator\">\n\t\t\t\t\t\t<\/span>\n\t\t<\/div>\n\t\t\t\t\t\t<\/div>\n\t\t\t\t<\/div>\n\t\t\t\t\t<\/div>\n\t\t<\/div>\n\t\t\t\t<div class=\"elementor-column elementor-col-66 elementor-top-column elementor-element elementor-element-b4db2fe\" data-id=\"b4db2fe\" data-element_type=\"column\">\n\t\t\t<div class=\"elementor-widget-wrap elementor-element-populated\">\n\t\t\t\t\t\t<div class=\"elementor-element elementor-element-9fa0c7b elementor-widget elementor-widget-text-editor\" data-id=\"9fa0c7b\" data-element_type=\"widget\" data-widget_type=\"text-editor.default\">\n\t\t\t\t<div class=\"elementor-widget-container\">\n\t\t\t\t\t\t\t\t\t<p>L&#8217;objectiu principal d&#8217;aquesta categoria \u00e9s digitalitzar i\/o automatitzar processos del teu negoci, relacionats amb els aspectes operatius o productius.<\/p>\t\t\t\t\t\t\t\t<\/div>\n\t\t\t\t<\/div>\n\t\t\t\t<div class=\"elementor-element elementor-element-a42e111 elementor-widget elementor-widget-heading\" data-id=\"a42e111\" data-element_type=\"widget\" data-widget_type=\"heading.default\">\n\t\t\t\t<div class=\"elementor-widget-container\">\n\t\t\t\t\t<h4 class=\"elementor-heading-title elementor-size-default\">Funcionalitats i serveis<\/h4>\t\t\t\t<\/div>\n\t\t\t\t<\/div>\n\t\t\t\t<div class=\"elementor-element elementor-element-84f69d7 elementor-widget-divider--view-line elementor-widget elementor-widget-divider\" data-id=\"84f69d7\" data-element_type=\"widget\" data-widget_type=\"divider.default\">\n\t\t\t\t<div class=\"elementor-widget-container\">\n\t\t\t\t\t\t\t<div class=\"elementor-divider\">\n\t\t\t<span class=\"elementor-divider-separator\">\n\t\t\t\t\t\t<\/span>\n\t\t<\/div>\n\t\t\t\t\t\t<\/div>\n\t\t\t\t<\/div>\n\t\t\t\t<div class=\"elementor-element elementor-element-3240fe2 elementor-widget elementor-widget-text-editor\" data-id=\"3240fe2\" data-element_type=\"widget\" data-widget_type=\"text-editor.default\">\n\t\t\t\t<div class=\"elementor-widget-container\">\n\t\t\t\t\t\t\t\t\t<ul><li><strong>Digitalitzaci\u00f3 i\/o automatitzaci\u00f3 de processos i fluxos de treball<\/strong>: tindr\u00e0s digitalitzats i\/o automatitzats processos com:<ul><li><strong>Comptabilitat\/finances<\/strong>: comptes per cobrar\/per pagar, gesti\u00f3 d&#8217;actius i generaci\u00f3 de tancaments i balan\u00e7os, etc.<\/li><li><strong>Facturaci\u00f3<\/strong>: automatitzaci\u00f3 dels processos de facturaci\u00f3 amb la generaci\u00f3 de pressupostos, albarans i factures.<\/li><li><strong>Projectes<\/strong>: control de pressupostos, costos, estimacions, optimitzaci\u00f3 dels recursos, etc.<\/li><li><strong>Inventari<\/strong>: previsi\u00f3, nivells d&#8217;estoc, trameses, distribucions, devolucions i cancel\u00b7lacions, etc.<\/li><li><strong>Compres i pagaments<\/strong>: gesti\u00f3 de comandes de compra i prove\u00efdors.<\/li><li><strong>Recursos humans<\/strong>: gesti\u00f3 dels recursos humans, n\u00f2mines, etc.<\/li><li><strong>Log\u00edstica<\/strong>: gesti\u00f3 de flotes i rutes, entre d&#8217;altres.<\/li><\/ul><\/li><li><strong>Integraci\u00f3 amb diverses plataformes<\/strong>: la soluci\u00f3 disposar\u00e0 d&#8217;APIs o Web Services per integrar-les amb altres eines.<\/li><li><p><strong>Actualizable:\u00a0<\/strong>acceder\u00e1s a<strong>\u00a0<\/strong>actualizaciones de la soluci\u00f3n con nuevas versiones.<\/p><\/li><li><p><strong>Escalable<\/strong>: si la vostra empresa creix o canvia estructuralment, la soluci\u00f3 s&#8217;adaptar\u00e0 a aquests canvis.<\/p><\/li><li><strong>Compliment<\/strong>: podr\u00e0s assegurar el compliment de la normativa aplicable, en concret del Reglament pel qual es regulen les obligacions de facturaci\u00f3 del Reial decret 1619\/2012, aix\u00ed com qualsevol normativa aplicable.<\/li><\/ul>\t\t\t\t\t\t\t\t<\/div>\n\t\t\t\t<\/div>\n\t\t\t\t<div class=\"elementor-element elementor-element-c2ced0e elementor-widget elementor-widget-heading\" data-id=\"c2ced0e\" data-element_type=\"widget\" data-widget_type=\"heading.default\">\n\t\t\t\t<div class=\"elementor-widget-container\">\n\t\t\t\t\t<h4 class=\"elementor-heading-title elementor-size-default\">Percentatges d'execuci\u00f3 associats a les fases<\/h4>\t\t\t\t<\/div>\n\t\t\t\t<\/div>\n\t\t\t\t<div class=\"elementor-element elementor-element-9e40e8d elementor-widget-divider--view-line elementor-widget elementor-widget-divider\" data-id=\"9e40e8d\" data-element_type=\"widget\" data-widget_type=\"divider.default\">\n\t\t\t\t<div class=\"elementor-widget-container\">\n\t\t\t\t\t\t\t<div class=\"elementor-divider\">\n\t\t\t<span class=\"elementor-divider-separator\">\n\t\t\t\t\t\t<\/span>\n\t\t<\/div>\n\t\t\t\t\t\t<\/div>\n\t\t\t\t<\/div>\n\t\t\t\t<div class=\"elementor-element elementor-element-04e708b elementor-widget elementor-widget-text-editor\" data-id=\"04e708b\" data-element_type=\"widget\" data-widget_type=\"text-editor.default\">\n\t\t\t\t<div class=\"elementor-widget-container\">\n\t\t\t\t\t\t\t\t\t<ul><li>Primera: 70%<\/li><li>Segona: 30%<\/li><\/ul>\t\t\t\t\t\t\t\t<\/div>\n\t\t\t\t<\/div>\n\t\t\t\t<div class=\"elementor-element elementor-element-3b09a34 elementor-widget elementor-widget-heading\" data-id=\"3b09a34\" data-element_type=\"widget\" data-widget_type=\"heading.default\">\n\t\t\t\t<div class=\"elementor-widget-container\">\n\t\t\t\t\t<h4 class=\"elementor-heading-title elementor-size-default\">Import m\u00e0xim de lajuda<\/h4>\t\t\t\t<\/div>\n\t\t\t\t<\/div>\n\t\t\t\t<div class=\"elementor-element elementor-element-00f5127 elementor-widget-divider--view-line elementor-widget elementor-widget-divider\" data-id=\"00f5127\" data-element_type=\"widget\" data-widget_type=\"divider.default\">\n\t\t\t\t<div class=\"elementor-widget-container\">\n\t\t\t\t\t\t\t<div class=\"elementor-divider\">\n\t\t\t<span class=\"elementor-divider-separator\">\n\t\t\t\t\t\t<\/span>\n\t\t<\/div>\n\t\t\t\t\t\t<\/div>\n\t\t\t\t<\/div>\n\t\t\t\t<div class=\"elementor-element elementor-element-19ffd64 elementor-widget elementor-widget-text-editor\" data-id=\"19ffd64\" data-element_type=\"widget\" data-widget_type=\"text-editor.default\">\n\t\t\t\t<div class=\"elementor-widget-container\">\n\t\t\t\t\t\t\t\t\t<ul><li>0 &lt; 3 empleats: 500\u20ac (fins a 1 usuari)<\/li><li>3 &lt; 9 empleats: 2.000\u20ac (fins a 3 usuaris)<\/li><li>10 &lt; 50 empleats: 6.000\u20ac (fins a 10 usuaris)<\/li><\/ul>\t\t\t\t\t\t\t\t<\/div>\n\t\t\t\t<\/div>\n\t\t\t\t\t<\/div>\n\t\t<\/div>\n\t\t\t\t\t<\/div>\n\t\t<\/section>\n\t\t\t\t<section class=\"elementor-section elementor-top-section elementor-element elementor-element-156ce4e elementor-section-boxed elementor-section-height-default elementor-section-height-default\" data-id=\"156ce4e\" data-element_type=\"section\">\n\t\t\t\t\t\t<div class=\"elementor-container elementor-column-gap-default\">\n\t\t\t\t\t<div class=\"elementor-column elementor-col-100 elementor-top-column elementor-element elementor-element-f116433\" data-id=\"f116433\" data-element_type=\"column\">\n\t\t\t<div class=\"elementor-widget-wrap elementor-element-populated\">\n\t\t\t\t\t\t<section class=\"elementor-section elementor-inner-section elementor-element elementor-element-b2177aa elementor-section-boxed elementor-section-height-default elementor-section-height-default\" data-id=\"b2177aa\" data-element_type=\"section\">\n\t\t\t\t\t\t<div class=\"elementor-container elementor-column-gap-default\">\n\t\t\t\t\t<div class=\"elementor-column elementor-col-100 elementor-inner-column elementor-element elementor-element-9f41c7b\" data-id=\"9f41c7b\" data-element_type=\"column\">\n\t\t\t<div class=\"elementor-widget-wrap elementor-element-populated\">\n\t\t\t\t\t\t<div class=\"elementor-element elementor-element-fa1445a elementor-widget elementor-widget-text-editor\" data-id=\"fa1445a\" data-element_type=\"widget\" data-widget_type=\"text-editor.default\">\n\t\t\t\t<div class=\"elementor-widget-container\">\n\t\t\t\t\t\t\t\t\t<div class=\"border-bottom border-primary\"><p><span style=\"font-size: 16px;\">Fondo Europeo de Desarrollo Regional<\/span><\/p><\/div>\t\t\t\t\t\t\t\t<\/div>\n\t\t\t\t<\/div>\n\t\t\t\t<div class=\"elementor-element elementor-element-ebc7291 elementor-widget-divider--view-line elementor-widget elementor-widget-divider\" data-id=\"ebc7291\" data-element_type=\"widget\" data-widget_type=\"divider.default\">\n\t\t\t\t<div class=\"elementor-widget-container\">\n\t\t\t\t\t\t\t<div class=\"elementor-divider\">\n\t\t\t<span class=\"elementor-divider-separator\">\n\t\t\t\t\t\t<\/span>\n\t\t<\/div>\n\t\t\t\t\t\t<\/div>\n\t\t\t\t<\/div>\n\t\t\t\t<div class=\"elementor-element elementor-element-78816ed elementor-widget elementor-widget-heading\" data-id=\"78816ed\" data-element_type=\"widget\" data-widget_type=\"heading.default\">\n\t\t\t\t<div class=\"elementor-widget-container\">\n\t\t\t\t\t<h2 class=\"elementor-heading-title elementor-size-default\">Logos<\/h2>\t\t\t\t<\/div>\n\t\t\t\t<\/div>\n\t\t\t\t\t<\/div>\n\t\t<\/div>\n\t\t\t\t\t<\/div>\n\t\t<\/section>\n\t\t\t\t\t<\/div>\n\t\t<\/div>\n\t\t\t\t\t<\/div>\n\t\t<\/section>\n\t\t\t\t<\/div>","protected":false},"excerpt":{"rendered":"<p>Gesti\u00f3 de processos Import de l&#8217;ajuda Ajuda m\u00e0xima 6.000\u20ac L&#8217;objectiu principal d&#8217;aquesta categoria \u00e9s digitalitzar i\/o automatitzar processos del teu negoci, relacionats amb els aspectes operatius o productius. Funcionalitats i serveis Digitalitzaci\u00f3 i\/o automatitzaci\u00f3 de processos i fluxos de treball: tindr\u00e0s digitalitzats i\/o automatitzats processos com: Comptabilitat\/finances: comptes per cobrar\/per pagar, gesti\u00f3 d&#8217;actius i generaci\u00f3 [&hellip;]<\/p>","protected":false},"author":4,"featured_media":0,"parent":0,"menu_order":0,"comment_status":"closed","ping_status":"closed","template":"","meta":{"footnotes":""},"class_list":["post-6656","page","type-page","status-publish","hentry"],"yoast_head":"<!-- This site is optimized with the Yoast SEO plugin v23.2 - https:\/\/yoast.com\/wordpress\/plugins\/seo\/ -->\n<title>Gesti\u00f3 de processos - ADS, An\u00e0lisi\/Disseny de Soft<\/title>\n<meta name=\"robots\" content=\"index, follow, max-snippet:-1, max-image-preview:large, max-video-preview:-1\" \/>\n<link rel=\"canonical\" href=\"https:\/\/www.adssl.com\/es\/gestio-de-processos\/\" \/>\n<meta property=\"og:locale\" content=\"es_ES\" \/>\n<meta property=\"og:type\" content=\"article\" \/>\n<meta property=\"og:title\" content=\"Gesti\u00f3 de processos - ADS, An\u00e0lisi\/Disseny de Soft\" \/>\n<meta property=\"og:description\" content=\"Gesti\u00f3 de processos Import de l&#8217;ajuda Ajuda m\u00e0xima 6.000\u20ac L&#8217;objectiu principal d&#8217;aquesta categoria \u00e9s digitalitzar i\/o automatitzar processos del teu negoci, relacionats amb els aspectes operatius o productius. Funcionalitats i serveis Digitalitzaci\u00f3 i\/o automatitzaci\u00f3 de processos i fluxos de treball: tindr\u00e0s digitalitzats i\/o automatitzats processos com: Comptabilitat\/finances: comptes per cobrar\/per pagar, gesti\u00f3 d&#8217;actius i generaci\u00f3 [&hellip;]\" \/>\n<meta property=\"og:url\" content=\"https:\/\/www.adssl.com\/es\/gestio-de-processos\/\" \/>\n<meta property=\"og:site_name\" content=\"ADS, An\u00e0lisi\/Disseny de Soft\" \/>\n<meta property=\"article:publisher\" content=\"https:\/\/www.facebook.com\/ADS-An%c3%a0lisiDisseny-de-Soft-SLU-156582594398681\/\" \/>\n<meta property=\"article:modified_time\" content=\"2022-01-27T09:27:02+00:00\" \/>\n<meta name=\"twitter:card\" content=\"summary_large_image\" \/>\n<meta name=\"twitter:site\" content=\"@ADSOlot\" \/>\n<meta name=\"twitter:label1\" content=\"Tiempo de lectura\" \/>\n\t<meta name=\"twitter:data1\" content=\"2 minutos\" \/>\n<script type=\"application\/ld+json\" class=\"yoast-schema-graph\">{\"@context\":\"https:\/\/schema.org\",\"@graph\":[{\"@type\":\"WebPage\",\"@id\":\"https:\/\/www.adssl.com\/gestio-de-processos\/\",\"url\":\"https:\/\/www.adssl.com\/gestio-de-processos\/\",\"name\":\"Gesti\u00f3 de processos - ADS, An\u00e0lisi\/Disseny de Soft\",\"isPartOf\":{\"@id\":\"https:\/\/www.adssl.com\/#website\"},\"datePublished\":\"2022-01-27T07:53:30+00:00\",\"dateModified\":\"2022-01-27T09:27:02+00:00\",\"breadcrumb\":{\"@id\":\"https:\/\/www.adssl.com\/gestio-de-processos\/#breadcrumb\"},\"inLanguage\":\"es\",\"potentialAction\":[{\"@type\":\"ReadAction\",\"target\":[\"https:\/\/www.adssl.com\/gestio-de-processos\/\"]}]},{\"@type\":\"BreadcrumbList\",\"@id\":\"https:\/\/www.adssl.com\/gestio-de-processos\/#breadcrumb\",\"itemListElement\":[{\"@type\":\"ListItem\",\"position\":1,\"name\":\"Portada\",\"item\":\"https:\/\/www.adssl.com\/\"},{\"@type\":\"ListItem\",\"position\":2,\"name\":\"Gesti\u00f3 de processos\"}]},{\"@type\":\"WebSite\",\"@id\":\"https:\/\/www.adssl.com\/#website\",\"url\":\"https:\/\/www.adssl.com\/\",\"name\":\"ADS, An\u00e0lisi\/Disseny de Soft\",\"description\":\"Serveis inform\u00e0tics\",\"publisher\":{\"@id\":\"https:\/\/www.adssl.com\/#organization\"},\"potentialAction\":[{\"@type\":\"SearchAction\",\"target\":{\"@type\":\"EntryPoint\",\"urlTemplate\":\"https:\/\/www.adssl.com\/?s={search_term_string}\"},\"query-input\":\"required name=search_term_string\"}],\"inLanguage\":\"es\"},{\"@type\":\"Organization\",\"@id\":\"https:\/\/www.adssl.com\/#organization\",\"name\":\"ADS, An\u00e0lisi\/Disseny de Soft\",\"url\":\"https:\/\/www.adssl.com\/\",\"logo\":{\"@type\":\"ImageObject\",\"inLanguage\":\"es\",\"@id\":\"https:\/\/www.adssl.com\/#\/schema\/logo\/image\/\",\"url\":\"https:\/\/www.adssl.com\/wp-content\/uploads\/2020\/12\/cropped-Logo_A.png\",\"contentUrl\":\"https:\/\/www.adssl.com\/wp-content\/uploads\/2020\/12\/cropped-Logo_A.png\",\"width\":194,\"height\":120,\"caption\":\"ADS, An\u00e0lisi\/Disseny de Soft\"},\"image\":{\"@id\":\"https:\/\/www.adssl.com\/#\/schema\/logo\/image\/\"},\"sameAs\":[\"https:\/\/www.facebook.com\/ADS-An\u00e0lisiDisseny-de-Soft-SLU-156582594398681\/\",\"https:\/\/x.com\/ADSOlot\",\"https:\/\/es.linkedin.com\/company\/ads-analisi-disseny-de-soft-sl\",\"https:\/\/youtu.be\/swDmw2qXphU\"]}]}<\/script>\n<!-- \/ Yoast SEO plugin. -->","yoast_head_json":{"title":"Gesti\u00f3 de processos - ADS, An\u00e0lisi\/Disseny de Soft","robots":{"index":"index","follow":"follow","max-snippet":"max-snippet:-1","max-image-preview":"max-image-preview:large","max-video-preview":"max-video-preview:-1"},"canonical":"https:\/\/www.adssl.com\/es\/gestio-de-processos\/","og_locale":"es_ES","og_type":"article","og_title":"Gesti\u00f3 de processos - ADS, An\u00e0lisi\/Disseny de Soft","og_description":"Gesti\u00f3 de processos Import de l&#8217;ajuda Ajuda m\u00e0xima 6.000\u20ac L&#8217;objectiu principal d&#8217;aquesta categoria \u00e9s digitalitzar i\/o automatitzar processos del teu negoci, relacionats amb els aspectes operatius o productius. Funcionalitats i serveis Digitalitzaci\u00f3 i\/o automatitzaci\u00f3 de processos i fluxos de treball: tindr\u00e0s digitalitzats i\/o automatitzats processos com: Comptabilitat\/finances: comptes per cobrar\/per pagar, gesti\u00f3 d&#8217;actius i generaci\u00f3 [&hellip;]","og_url":"https:\/\/www.adssl.com\/es\/gestio-de-processos\/","og_site_name":"ADS, An\u00e0lisi\/Disseny de Soft","article_publisher":"https:\/\/www.facebook.com\/ADS-An%c3%a0lisiDisseny-de-Soft-SLU-156582594398681\/","article_modified_time":"2022-01-27T09:27:02+00:00","twitter_card":"summary_large_image","twitter_site":"@ADSOlot","twitter_misc":{"Tiempo de lectura":"2 minutos"},"schema":{"@context":"https:\/\/schema.org","@graph":[{"@type":"WebPage","@id":"https:\/\/www.adssl.com\/gestio-de-processos\/","url":"https:\/\/www.adssl.com\/gestio-de-processos\/","name":"Gesti\u00f3 de processos - ADS, An\u00e0lisi\/Disseny de Soft","isPartOf":{"@id":"https:\/\/www.adssl.com\/#website"},"datePublished":"2022-01-27T07:53:30+00:00","dateModified":"2022-01-27T09:27:02+00:00","breadcrumb":{"@id":"https:\/\/www.adssl.com\/gestio-de-processos\/#breadcrumb"},"inLanguage":"es","potentialAction":[{"@type":"ReadAction","target":["https:\/\/www.adssl.com\/gestio-de-processos\/"]}]},{"@type":"BreadcrumbList","@id":"https:\/\/www.adssl.com\/gestio-de-processos\/#breadcrumb","itemListElement":[{"@type":"ListItem","position":1,"name":"Portada","item":"https:\/\/www.adssl.com\/"},{"@type":"ListItem","position":2,"name":"Gesti\u00f3 de processos"}]},{"@type":"WebSite","@id":"https:\/\/www.adssl.com\/#website","url":"https:\/\/www.adssl.com\/","name":"ADS, An\u00e0lisi\/Disseny de Soft","description":"Serveis inform\u00e0tics","publisher":{"@id":"https:\/\/www.adssl.com\/#organization"},"potentialAction":[{"@type":"SearchAction","target":{"@type":"EntryPoint","urlTemplate":"https:\/\/www.adssl.com\/?s={search_term_string}"},"query-input":"required name=search_term_string"}],"inLanguage":"es"},{"@type":"Organization","@id":"https:\/\/www.adssl.com\/#organization","name":"ADS, An\u00e0lisi\/Disseny de Soft","url":"https:\/\/www.adssl.com\/","logo":{"@type":"ImageObject","inLanguage":"es","@id":"https:\/\/www.adssl.com\/#\/schema\/logo\/image\/","url":"https:\/\/www.adssl.com\/wp-content\/uploads\/2020\/12\/cropped-Logo_A.png","contentUrl":"https:\/\/www.adssl.com\/wp-content\/uploads\/2020\/12\/cropped-Logo_A.png","width":194,"height":120,"caption":"ADS, An\u00e0lisi\/Disseny de Soft"},"image":{"@id":"https:\/\/www.adssl.com\/#\/schema\/logo\/image\/"},"sameAs":["https:\/\/www.facebook.com\/ADS-An\u00e0lisiDisseny-de-Soft-SLU-156582594398681\/","https:\/\/x.com\/ADSOlot","https:\/\/es.linkedin.com\/company\/ads-analisi-disseny-de-soft-sl","https:\/\/youtu.be\/swDmw2qXphU"]}]}},"_links":{"self":[{"href":"https:\/\/www.adssl.com\/es\/wp-json\/wp\/v2\/pages\/6656","targetHints":{"allow":["GET"]}}],"collection":[{"href":"https:\/\/www.adssl.com\/es\/wp-json\/wp\/v2\/pages"}],"about":[{"href":"https:\/\/www.adssl.com\/es\/wp-json\/wp\/v2\/types\/page"}],"author":[{"embeddable":true,"href":"https:\/\/www.adssl.com\/es\/wp-json\/wp\/v2\/users\/4"}],"replies":[{"embeddable":true,"href":"https:\/\/www.adssl.com\/es\/wp-json\/wp\/v2\/comments?post=6656"}],"version-history":[{"count":12,"href":"https:\/\/www.adssl.com\/es\/wp-json\/wp\/v2\/pages\/6656\/revisions"}],"predecessor-version":[{"id":6681,"href":"https:\/\/www.adssl.com\/es\/wp-json\/wp\/v2\/pages\/6656\/revisions\/6681"}],"wp:attachment":[{"href":"https:\/\/www.adssl.com\/es\/wp-json\/wp\/v2\/media?parent=6656"}],"curies":[{"name":"wp","href":"https:\/\/api.w.org\/{rel}","templated":true}]}}