{"id":6508,"date":"2022-01-26T11:13:43","date_gmt":"2022-01-26T10:13:43","guid":{"rendered":"https:\/\/www.adssl.com\/?page_id=6508"},"modified":"2022-01-26T12:10:04","modified_gmt":"2022-01-26T11:10:04","slug":"lloc-web-i-presencia-a-internet","status":"publish","type":"page","link":"https:\/\/www.adssl.com\/es\/lloc-web-i-presencia-a-internet\/","title":{"rendered":"Lloc web i Pres\u00e8ncia a internet"},"content":{"rendered":"<div data-elementor-type=\"wp-page\" data-elementor-id=\"6508\" class=\"elementor elementor-6508\">\n\t\t\t\t\t\t<section class=\"elementor-section elementor-top-section elementor-element elementor-element-7e29b36 elementor-section-boxed elementor-section-height-default elementor-section-height-default\" data-id=\"7e29b36\" data-element_type=\"section\">\n\t\t\t\t\t\t<div class=\"elementor-container elementor-column-gap-default\">\n\t\t\t\t\t<div class=\"elementor-column elementor-col-100 elementor-top-column elementor-element elementor-element-98fe034\" data-id=\"98fe034\" data-element_type=\"column\">\n\t\t\t<div class=\"elementor-widget-wrap elementor-element-populated\">\n\t\t\t\t\t\t<div class=\"elementor-element elementor-element-e15f829 elementor-widget elementor-widget-heading\" data-id=\"e15f829\" data-element_type=\"widget\" data-widget_type=\"heading.default\">\n\t\t\t\t<div class=\"elementor-widget-container\">\n\t\t\t\t\t<h4 class=\"elementor-heading-title elementor-size-default\">Lloc Web i Pres\u00e8ncia a Internet<\/h4>\t\t\t\t<\/div>\n\t\t\t\t<\/div>\n\t\t\t\t<div class=\"elementor-element elementor-element-5d0f104 elementor-widget-divider--view-line elementor-widget elementor-widget-divider\" data-id=\"5d0f104\" data-element_type=\"widget\" data-widget_type=\"divider.default\">\n\t\t\t\t<div class=\"elementor-widget-container\">\n\t\t\t\t\t\t\t<div class=\"elementor-divider\">\n\t\t\t<span class=\"elementor-divider-separator\">\n\t\t\t\t\t\t<\/span>\n\t\t<\/div>\n\t\t\t\t\t\t<\/div>\n\t\t\t\t<\/div>\n\t\t\t\t\t<\/div>\n\t\t<\/div>\n\t\t\t\t\t<\/div>\n\t\t<\/section>\n\t\t\t\t<section class=\"elementor-section elementor-top-section elementor-element elementor-element-e2cc962 elementor-section-boxed elementor-section-height-default elementor-section-height-default\" data-id=\"e2cc962\" data-element_type=\"section\">\n\t\t\t\t\t\t<div class=\"elementor-container elementor-column-gap-default\">\n\t\t\t\t\t<div class=\"elementor-column elementor-col-33 elementor-top-column elementor-element elementor-element-1665806\" data-id=\"1665806\" data-element_type=\"column\">\n\t\t\t<div class=\"elementor-widget-wrap elementor-element-populated\">\n\t\t\t\t\t\t<div class=\"elementor-element elementor-element-3bd09f2 elementor-widget-divider--view-line elementor-widget elementor-widget-divider\" data-id=\"3bd09f2\" data-element_type=\"widget\" data-widget_type=\"divider.default\">\n\t\t\t\t<div class=\"elementor-widget-container\">\n\t\t\t\t\t\t\t<div class=\"elementor-divider\">\n\t\t\t<span class=\"elementor-divider-separator\">\n\t\t\t\t\t\t<\/span>\n\t\t<\/div>\n\t\t\t\t\t\t<\/div>\n\t\t\t\t<\/div>\n\t\t\t\t<div class=\"elementor-element elementor-element-5944e11 elementor-widget elementor-widget-heading\" data-id=\"5944e11\" data-element_type=\"widget\" data-widget_type=\"heading.default\">\n\t\t\t\t<div class=\"elementor-widget-container\">\n\t\t\t\t\t<h2 class=\"elementor-heading-title elementor-size-default\">Import de l'ajuda<\/h2>\t\t\t\t<\/div>\n\t\t\t\t<\/div>\n\t\t\t\t<div class=\"elementor-element elementor-element-f1196a4 elementor-widget elementor-widget-text-editor\" data-id=\"f1196a4\" data-element_type=\"widget\" data-widget_type=\"text-editor.default\">\n\t\t\t\t<div class=\"elementor-widget-container\">\n\t\t\t\t\t\t\t\t\t<h5><strong>Ajuda m\u00e0xima<\/strong><\/h5><h2><strong>2000\u20ac<\/strong><\/h2>\t\t\t\t\t\t\t\t<\/div>\n\t\t\t\t<\/div>\n\t\t\t\t<div class=\"elementor-element elementor-element-b87b3b8 elementor-widget-divider--view-line elementor-widget elementor-widget-divider\" data-id=\"b87b3b8\" data-element_type=\"widget\" data-widget_type=\"divider.default\">\n\t\t\t\t<div class=\"elementor-widget-container\">\n\t\t\t\t\t\t\t<div class=\"elementor-divider\">\n\t\t\t<span class=\"elementor-divider-separator\">\n\t\t\t\t\t\t<\/span>\n\t\t<\/div>\n\t\t\t\t\t\t<\/div>\n\t\t\t\t<\/div>\n\t\t\t\t\t<\/div>\n\t\t<\/div>\n\t\t\t\t<div class=\"elementor-column elementor-col-66 elementor-top-column elementor-element elementor-element-d7cf7b9\" data-id=\"d7cf7b9\" data-element_type=\"column\">\n\t\t\t<div class=\"elementor-widget-wrap elementor-element-populated\">\n\t\t\t\t\t\t<div class=\"elementor-element elementor-element-7390c77 elementor-widget elementor-widget-text-editor\" data-id=\"7390c77\" data-element_type=\"widget\" data-widget_type=\"text-editor.default\">\n\t\t\t\t<div class=\"elementor-widget-container\">\n\t\t\t\t\t\t\t\t\t<p>El principal objectiu d&#8217;aquesta categoria \u00e9s que puguis tenir una p\u00e0gina web per donar visibilitat a internet.<\/p>\t\t\t\t\t\t\t\t<\/div>\n\t\t\t\t<\/div>\n\t\t\t\t<div class=\"elementor-element elementor-element-b0b2e6f elementor-widget elementor-widget-heading\" data-id=\"b0b2e6f\" data-element_type=\"widget\" data-widget_type=\"heading.default\">\n\t\t\t\t<div class=\"elementor-widget-container\">\n\t\t\t\t\t<h4 class=\"elementor-heading-title elementor-size-default\">Funcionalitats i serveis<\/h4>\t\t\t\t<\/div>\n\t\t\t\t<\/div>\n\t\t\t\t<div class=\"elementor-element elementor-element-32d4ab8 elementor-widget-divider--view-line elementor-widget elementor-widget-divider\" data-id=\"32d4ab8\" data-element_type=\"widget\" data-widget_type=\"divider.default\">\n\t\t\t\t<div class=\"elementor-widget-container\">\n\t\t\t\t\t\t\t<div class=\"elementor-divider\">\n\t\t\t<span class=\"elementor-divider-separator\">\n\t\t\t\t\t\t<\/span>\n\t\t<\/div>\n\t\t\t\t\t\t<\/div>\n\t\t\t\t<\/div>\n\t\t\t\t<div class=\"elementor-element elementor-element-caf182d elementor-widget elementor-widget-text-editor\" data-id=\"caf182d\" data-element_type=\"widget\" data-widget_type=\"text-editor.default\">\n\t\t\t\t<div class=\"elementor-widget-container\">\n\t\t\t\t\t\t\t\t\t<ul><li><strong>Domini<\/strong>: la soluci\u00f3 inclou el domini de la teva web durant un termini m\u00ednim de dotze mesos. La titularitat del domini ser\u00e0 teva del tot.<\/li><li><strong>Hosting<\/strong>: tamb\u00e9 tindreu a la vostra disposici\u00f3 l&#8217;allotjament de la p\u00e0gina web durant un termini m\u00ednim de dotze mesos.<\/li><li><strong>Disseny de la p\u00e0gina web<\/strong>: com a part del servei tindr\u00e0s lestructura de la web, amb un m\u00ednim de 3 apartats. Es consideren p\u00e0gines o apartats d&#8217;una web, elements com ara: p\u00e0gina d&#8217;inici (Landing Page), presentaci\u00f3 de l&#8217;empresa, formulari de contacte, descripci\u00f3 de productes, dades de contacte, mapa del lloc (sitemap), etc.<\/li><li><strong>Web responsive<\/strong>: la teva web s&#8217;adaptar\u00e0 perfectament a qualsevol tipus de dispositiu.<\/li><li><strong>Posicionament b\u00e0sic a internet<\/strong>: la informaci\u00f3 de la teva pime ser\u00e0 indexable pels principals motors de cerca (On-Page).<\/li><li class=\"paragraph\"><p><strong>Autogestionable:<\/strong>\u00a0dispondr\u00e1s tambi\u00e9n de una plataforma de gesti\u00f3n de contenidos para que puedas modificar los contenidos de tu web sin necesidad de ayuda.<\/p><\/li><li class=\"paragraph\"><p><strong>Optimitzaci\u00f3 de la pres\u00e8ncia a cercadors (SEO b\u00e0sic)<\/strong>: An\u00e0lisi de paraules clau, SEO On-Page de 2 p\u00e0gines o apartats, indexaci\u00f3 i jerarquitzaci\u00f3 del contingut.<\/p><\/li><\/ul>\t\t\t\t\t\t\t\t<\/div>\n\t\t\t\t<\/div>\n\t\t\t\t<div class=\"elementor-element elementor-element-c3e4b25 elementor-widget elementor-widget-heading\" data-id=\"c3e4b25\" data-element_type=\"widget\" data-widget_type=\"heading.default\">\n\t\t\t\t<div class=\"elementor-widget-container\">\n\t\t\t\t\t<h4 class=\"elementor-heading-title elementor-size-default\">Percentatges d'execuci\u00f3 associats a les fases<\/h4>\t\t\t\t<\/div>\n\t\t\t\t<\/div>\n\t\t\t\t<div class=\"elementor-element elementor-element-891e7e2 elementor-widget-divider--view-line elementor-widget elementor-widget-divider\" data-id=\"891e7e2\" data-element_type=\"widget\" data-widget_type=\"divider.default\">\n\t\t\t\t<div class=\"elementor-widget-container\">\n\t\t\t\t\t\t\t<div class=\"elementor-divider\">\n\t\t\t<span class=\"elementor-divider-separator\">\n\t\t\t\t\t\t<\/span>\n\t\t<\/div>\n\t\t\t\t\t\t<\/div>\n\t\t\t\t<\/div>\n\t\t\t\t<div class=\"elementor-element elementor-element-610fc99 elementor-widget elementor-widget-text-editor\" data-id=\"610fc99\" data-element_type=\"widget\" data-widget_type=\"text-editor.default\">\n\t\t\t\t<div class=\"elementor-widget-container\">\n\t\t\t\t\t\t\t\t\t<ul><li>Primera: 70%<\/li><li>Segona: 30%<\/li><\/ul>\t\t\t\t\t\t\t\t<\/div>\n\t\t\t\t<\/div>\n\t\t\t\t<div class=\"elementor-element elementor-element-48b7b57 elementor-widget elementor-widget-heading\" data-id=\"48b7b57\" data-element_type=\"widget\" data-widget_type=\"heading.default\">\n\t\t\t\t<div class=\"elementor-widget-container\">\n\t\t\t\t\t<h4 class=\"elementor-heading-title elementor-size-default\">Import m\u00e0xim de lajuda<\/h4>\t\t\t\t<\/div>\n\t\t\t\t<\/div>\n\t\t\t\t<div class=\"elementor-element elementor-element-d64b562 elementor-widget-divider--view-line elementor-widget elementor-widget-divider\" data-id=\"d64b562\" data-element_type=\"widget\" data-widget_type=\"divider.default\">\n\t\t\t\t<div class=\"elementor-widget-container\">\n\t\t\t\t\t\t\t<div class=\"elementor-divider\">\n\t\t\t<span class=\"elementor-divider-separator\">\n\t\t\t\t\t\t<\/span>\n\t\t<\/div>\n\t\t\t\t\t\t<\/div>\n\t\t\t\t<\/div>\n\t\t\t\t<div class=\"elementor-element elementor-element-d8a8c69 elementor-widget elementor-widget-text-editor\" data-id=\"d8a8c69\" data-element_type=\"widget\" data-widget_type=\"text-editor.default\">\n\t\t\t\t<div class=\"elementor-widget-container\">\n\t\t\t\t\t\t\t\t\t<ul><li>0 &lt; 3 empleats: 2.000\u20ac<\/li><li>3 &lt; 9 empleats: 2.000\u20ac<\/li><li>10 &lt; 50 empleats: 2.000\u20ac<\/li><\/ul>\t\t\t\t\t\t\t\t<\/div>\n\t\t\t\t<\/div>\n\t\t\t\t\t<\/div>\n\t\t<\/div>\n\t\t\t\t\t<\/div>\n\t\t<\/section>\n\t\t\t\t<section class=\"elementor-section elementor-top-section elementor-element elementor-element-ec2ddb8 elementor-section-boxed elementor-section-height-default elementor-section-height-default\" data-id=\"ec2ddb8\" data-element_type=\"section\">\n\t\t\t\t\t\t<div class=\"elementor-container elementor-column-gap-default\">\n\t\t\t\t\t<div class=\"elementor-column elementor-col-100 elementor-top-column elementor-element elementor-element-d0f11da\" data-id=\"d0f11da\" data-element_type=\"column\">\n\t\t\t<div class=\"elementor-widget-wrap elementor-element-populated\">\n\t\t\t\t\t\t<section class=\"elementor-section elementor-inner-section elementor-element elementor-element-8cf61f6 elementor-section-boxed elementor-section-height-default elementor-section-height-default\" data-id=\"8cf61f6\" data-element_type=\"section\">\n\t\t\t\t\t\t<div class=\"elementor-container elementor-column-gap-default\">\n\t\t\t\t\t<div class=\"elementor-column elementor-col-100 elementor-inner-column elementor-element elementor-element-3eb8eac\" data-id=\"3eb8eac\" data-element_type=\"column\">\n\t\t\t<div class=\"elementor-widget-wrap elementor-element-populated\">\n\t\t\t\t\t\t<div class=\"elementor-element elementor-element-787b139 elementor-widget elementor-widget-text-editor\" data-id=\"787b139\" data-element_type=\"widget\" data-widget_type=\"text-editor.default\">\n\t\t\t\t<div class=\"elementor-widget-container\">\n\t\t\t\t\t\t\t\t\t<div class=\"border-bottom border-primary\"><p><span style=\"font-size: 16px;\">Fondo Europeo de Desarrollo Regional<\/span><\/p><\/div>\t\t\t\t\t\t\t\t<\/div>\n\t\t\t\t<\/div>\n\t\t\t\t<div class=\"elementor-element elementor-element-2d300ad elementor-widget-divider--view-line elementor-widget elementor-widget-divider\" data-id=\"2d300ad\" data-element_type=\"widget\" data-widget_type=\"divider.default\">\n\t\t\t\t<div class=\"elementor-widget-container\">\n\t\t\t\t\t\t\t<div class=\"elementor-divider\">\n\t\t\t<span class=\"elementor-divider-separator\">\n\t\t\t\t\t\t<\/span>\n\t\t<\/div>\n\t\t\t\t\t\t<\/div>\n\t\t\t\t<\/div>\n\t\t\t\t<div class=\"elementor-element elementor-element-55e0660 elementor-widget elementor-widget-heading\" data-id=\"55e0660\" data-element_type=\"widget\" data-widget_type=\"heading.default\">\n\t\t\t\t<div class=\"elementor-widget-container\">\n\t\t\t\t\t<h2 class=\"elementor-heading-title elementor-size-default\">Logos<\/h2>\t\t\t\t<\/div>\n\t\t\t\t<\/div>\n\t\t\t\t\t<\/div>\n\t\t<\/div>\n\t\t\t\t\t<\/div>\n\t\t<\/section>\n\t\t\t\t\t<\/div>\n\t\t<\/div>\n\t\t\t\t\t<\/div>\n\t\t<\/section>\n\t\t\t\t<\/div>","protected":false},"excerpt":{"rendered":"<p>Lloc Web i Pres\u00e8ncia a Internet Import de l&#8217;ajuda Ajuda m\u00e0xima 2000\u20ac El principal objectiu d&#8217;aquesta categoria \u00e9s que puguis tenir una p\u00e0gina web per donar visibilitat a internet. Funcionalitats i serveis Domini: la soluci\u00f3 inclou el domini de la teva web durant un termini m\u00ednim de dotze mesos. La titularitat del domini ser\u00e0 teva [&hellip;]<\/p>","protected":false},"author":4,"featured_media":0,"parent":0,"menu_order":0,"comment_status":"closed","ping_status":"closed","template":"","meta":{"footnotes":""},"class_list":["post-6508","page","type-page","status-publish","hentry"],"yoast_head":"<!-- This site is optimized with the Yoast SEO plugin v23.2 - https:\/\/yoast.com\/wordpress\/plugins\/seo\/ -->\n<title>Lloc web i Pres\u00e8ncia a internet - ADS, An\u00e0lisi\/Disseny de Soft<\/title>\n<meta name=\"robots\" content=\"index, follow, max-snippet:-1, max-image-preview:large, max-video-preview:-1\" \/>\n<link rel=\"canonical\" href=\"https:\/\/www.adssl.com\/es\/lloc-web-i-presencia-a-internet\/\" \/>\n<meta property=\"og:locale\" content=\"es_ES\" \/>\n<meta property=\"og:type\" content=\"article\" \/>\n<meta property=\"og:title\" content=\"Lloc web i Pres\u00e8ncia a internet - ADS, An\u00e0lisi\/Disseny de Soft\" \/>\n<meta property=\"og:description\" content=\"Lloc Web i Pres\u00e8ncia a Internet Import de l&#8217;ajuda Ajuda m\u00e0xima 2000\u20ac El principal objectiu d&#8217;aquesta categoria \u00e9s que puguis tenir una p\u00e0gina web per donar visibilitat a internet. Funcionalitats i serveis Domini: la soluci\u00f3 inclou el domini de la teva web durant un termini m\u00ednim de dotze mesos. La titularitat del domini ser\u00e0 teva [&hellip;]\" \/>\n<meta property=\"og:url\" content=\"https:\/\/www.adssl.com\/es\/lloc-web-i-presencia-a-internet\/\" \/>\n<meta property=\"og:site_name\" content=\"ADS, An\u00e0lisi\/Disseny de Soft\" \/>\n<meta property=\"article:publisher\" content=\"https:\/\/www.facebook.com\/ADS-An%c3%a0lisiDisseny-de-Soft-SLU-156582594398681\/\" \/>\n<meta property=\"article:modified_time\" content=\"2022-01-26T11:10:04+00:00\" \/>\n<meta name=\"twitter:card\" content=\"summary_large_image\" \/>\n<meta name=\"twitter:site\" content=\"@ADSOlot\" \/>\n<meta name=\"twitter:label1\" content=\"Tiempo de lectura\" \/>\n\t<meta name=\"twitter:data1\" content=\"2 minutos\" \/>\n<script type=\"application\/ld+json\" class=\"yoast-schema-graph\">{\"@context\":\"https:\/\/schema.org\",\"@graph\":[{\"@type\":\"WebPage\",\"@id\":\"https:\/\/www.adssl.com\/lloc-web-i-presencia-a-internet\/\",\"url\":\"https:\/\/www.adssl.com\/lloc-web-i-presencia-a-internet\/\",\"name\":\"Lloc web i Pres\u00e8ncia a internet - ADS, An\u00e0lisi\/Disseny de Soft\",\"isPartOf\":{\"@id\":\"https:\/\/www.adssl.com\/#website\"},\"datePublished\":\"2022-01-26T10:13:43+00:00\",\"dateModified\":\"2022-01-26T11:10:04+00:00\",\"breadcrumb\":{\"@id\":\"https:\/\/www.adssl.com\/lloc-web-i-presencia-a-internet\/#breadcrumb\"},\"inLanguage\":\"es\",\"potentialAction\":[{\"@type\":\"ReadAction\",\"target\":[\"https:\/\/www.adssl.com\/lloc-web-i-presencia-a-internet\/\"]}]},{\"@type\":\"BreadcrumbList\",\"@id\":\"https:\/\/www.adssl.com\/lloc-web-i-presencia-a-internet\/#breadcrumb\",\"itemListElement\":[{\"@type\":\"ListItem\",\"position\":1,\"name\":\"Portada\",\"item\":\"https:\/\/www.adssl.com\/\"},{\"@type\":\"ListItem\",\"position\":2,\"name\":\"Lloc web i Pres\u00e8ncia a internet\"}]},{\"@type\":\"WebSite\",\"@id\":\"https:\/\/www.adssl.com\/#website\",\"url\":\"https:\/\/www.adssl.com\/\",\"name\":\"ADS, An\u00e0lisi\/Disseny de Soft\",\"description\":\"Serveis inform\u00e0tics\",\"publisher\":{\"@id\":\"https:\/\/www.adssl.com\/#organization\"},\"potentialAction\":[{\"@type\":\"SearchAction\",\"target\":{\"@type\":\"EntryPoint\",\"urlTemplate\":\"https:\/\/www.adssl.com\/?s={search_term_string}\"},\"query-input\":\"required name=search_term_string\"}],\"inLanguage\":\"es\"},{\"@type\":\"Organization\",\"@id\":\"https:\/\/www.adssl.com\/#organization\",\"name\":\"ADS, An\u00e0lisi\/Disseny de Soft\",\"url\":\"https:\/\/www.adssl.com\/\",\"logo\":{\"@type\":\"ImageObject\",\"inLanguage\":\"es\",\"@id\":\"https:\/\/www.adssl.com\/#\/schema\/logo\/image\/\",\"url\":\"https:\/\/www.adssl.com\/wp-content\/uploads\/2020\/12\/cropped-Logo_A.png\",\"contentUrl\":\"https:\/\/www.adssl.com\/wp-content\/uploads\/2020\/12\/cropped-Logo_A.png\",\"width\":194,\"height\":120,\"caption\":\"ADS, An\u00e0lisi\/Disseny de Soft\"},\"image\":{\"@id\":\"https:\/\/www.adssl.com\/#\/schema\/logo\/image\/\"},\"sameAs\":[\"https:\/\/www.facebook.com\/ADS-An\u00e0lisiDisseny-de-Soft-SLU-156582594398681\/\",\"https:\/\/x.com\/ADSOlot\",\"https:\/\/es.linkedin.com\/company\/ads-analisi-disseny-de-soft-sl\",\"https:\/\/youtu.be\/swDmw2qXphU\"]}]}<\/script>\n<!-- \/ Yoast SEO plugin. -->","yoast_head_json":{"title":"Lloc web i Pres\u00e8ncia a internet - ADS, An\u00e0lisi\/Disseny de Soft","robots":{"index":"index","follow":"follow","max-snippet":"max-snippet:-1","max-image-preview":"max-image-preview:large","max-video-preview":"max-video-preview:-1"},"canonical":"https:\/\/www.adssl.com\/es\/lloc-web-i-presencia-a-internet\/","og_locale":"es_ES","og_type":"article","og_title":"Lloc web i Pres\u00e8ncia a internet - ADS, An\u00e0lisi\/Disseny de Soft","og_description":"Lloc Web i Pres\u00e8ncia a Internet Import de l&#8217;ajuda Ajuda m\u00e0xima 2000\u20ac El principal objectiu d&#8217;aquesta categoria \u00e9s que puguis tenir una p\u00e0gina web per donar visibilitat a internet. Funcionalitats i serveis Domini: la soluci\u00f3 inclou el domini de la teva web durant un termini m\u00ednim de dotze mesos. La titularitat del domini ser\u00e0 teva [&hellip;]","og_url":"https:\/\/www.adssl.com\/es\/lloc-web-i-presencia-a-internet\/","og_site_name":"ADS, An\u00e0lisi\/Disseny de Soft","article_publisher":"https:\/\/www.facebook.com\/ADS-An%c3%a0lisiDisseny-de-Soft-SLU-156582594398681\/","article_modified_time":"2022-01-26T11:10:04+00:00","twitter_card":"summary_large_image","twitter_site":"@ADSOlot","twitter_misc":{"Tiempo de lectura":"2 minutos"},"schema":{"@context":"https:\/\/schema.org","@graph":[{"@type":"WebPage","@id":"https:\/\/www.adssl.com\/lloc-web-i-presencia-a-internet\/","url":"https:\/\/www.adssl.com\/lloc-web-i-presencia-a-internet\/","name":"Lloc web i Pres\u00e8ncia a internet - ADS, An\u00e0lisi\/Disseny de Soft","isPartOf":{"@id":"https:\/\/www.adssl.com\/#website"},"datePublished":"2022-01-26T10:13:43+00:00","dateModified":"2022-01-26T11:10:04+00:00","breadcrumb":{"@id":"https:\/\/www.adssl.com\/lloc-web-i-presencia-a-internet\/#breadcrumb"},"inLanguage":"es","potentialAction":[{"@type":"ReadAction","target":["https:\/\/www.adssl.com\/lloc-web-i-presencia-a-internet\/"]}]},{"@type":"BreadcrumbList","@id":"https:\/\/www.adssl.com\/lloc-web-i-presencia-a-internet\/#breadcrumb","itemListElement":[{"@type":"ListItem","position":1,"name":"Portada","item":"https:\/\/www.adssl.com\/"},{"@type":"ListItem","position":2,"name":"Lloc web i Pres\u00e8ncia a internet"}]},{"@type":"WebSite","@id":"https:\/\/www.adssl.com\/#website","url":"https:\/\/www.adssl.com\/","name":"ADS, An\u00e0lisi\/Disseny de Soft","description":"Serveis inform\u00e0tics","publisher":{"@id":"https:\/\/www.adssl.com\/#organization"},"potentialAction":[{"@type":"SearchAction","target":{"@type":"EntryPoint","urlTemplate":"https:\/\/www.adssl.com\/?s={search_term_string}"},"query-input":"required name=search_term_string"}],"inLanguage":"es"},{"@type":"Organization","@id":"https:\/\/www.adssl.com\/#organization","name":"ADS, An\u00e0lisi\/Disseny de Soft","url":"https:\/\/www.adssl.com\/","logo":{"@type":"ImageObject","inLanguage":"es","@id":"https:\/\/www.adssl.com\/#\/schema\/logo\/image\/","url":"https:\/\/www.adssl.com\/wp-content\/uploads\/2020\/12\/cropped-Logo_A.png","contentUrl":"https:\/\/www.adssl.com\/wp-content\/uploads\/2020\/12\/cropped-Logo_A.png","width":194,"height":120,"caption":"ADS, An\u00e0lisi\/Disseny de Soft"},"image":{"@id":"https:\/\/www.adssl.com\/#\/schema\/logo\/image\/"},"sameAs":["https:\/\/www.facebook.com\/ADS-An\u00e0lisiDisseny-de-Soft-SLU-156582594398681\/","https:\/\/x.com\/ADSOlot","https:\/\/es.linkedin.com\/company\/ads-analisi-disseny-de-soft-sl","https:\/\/youtu.be\/swDmw2qXphU"]}]}},"_links":{"self":[{"href":"https:\/\/www.adssl.com\/es\/wp-json\/wp\/v2\/pages\/6508","targetHints":{"allow":["GET"]}}],"collection":[{"href":"https:\/\/www.adssl.com\/es\/wp-json\/wp\/v2\/pages"}],"about":[{"href":"https:\/\/www.adssl.com\/es\/wp-json\/wp\/v2\/types\/page"}],"author":[{"embeddable":true,"href":"https:\/\/www.adssl.com\/es\/wp-json\/wp\/v2\/users\/4"}],"replies":[{"embeddable":true,"href":"https:\/\/www.adssl.com\/es\/wp-json\/wp\/v2\/comments?post=6508"}],"version-history":[{"count":83,"href":"https:\/\/www.adssl.com\/es\/wp-json\/wp\/v2\/pages\/6508\/revisions"}],"predecessor-version":[{"id":6599,"href":"https:\/\/www.adssl.com\/es\/wp-json\/wp\/v2\/pages\/6508\/revisions\/6599"}],"wp:attachment":[{"href":"https:\/\/www.adssl.com\/es\/wp-json\/wp\/v2\/media?parent=6508"}],"curies":[{"name":"wp","href":"https:\/\/api.w.org\/{rel}","templated":true}]}}