{"id":3992,"date":"2020-04-29T07:11:51","date_gmt":"2020-04-29T05:11:51","guid":{"rendered":"https:\/\/www.adssl.com\/\/?page_id=3992"},"modified":"2022-08-17T16:30:16","modified_gmt":"2022-08-17T14:30:16","slug":"bloges","status":"publish","type":"page","link":"https:\/\/www.adssl.com\/es\/bloges\/","title":{"rendered":"Blog"},"content":{"rendered":"<div data-elementor-type=\"wp-page\" data-elementor-id=\"3992\" class=\"elementor elementor-3992\" data-elementor-post-type=\"page\">\n\t\t\t\t\t\t<section class=\"elementor-section elementor-top-section elementor-element elementor-element-526fda1 elementor-section-height-min-height elementor-section-boxed elementor-section-height-default elementor-section-items-middle\" data-id=\"526fda1\" data-element_type=\"section\" data-settings=\"{&quot;background_background&quot;:&quot;classic&quot;}\">\n\t\t\t\t\t\t\t<div class=\"elementor-background-overlay\"><\/div>\n\t\t\t\t\t\t\t<div class=\"elementor-container elementor-column-gap-default\">\n\t\t\t\t\t<div class=\"elementor-column elementor-col-100 elementor-top-column elementor-element elementor-element-661cf60\" data-id=\"661cf60\" data-element_type=\"column\">\n\t\t\t<div class=\"elementor-widget-wrap elementor-element-populated\">\n\t\t\t\t\t\t<div class=\"elementor-element elementor-element-a04dc72 elementor-widget elementor-widget-heading\" data-id=\"a04dc72\" data-element_type=\"widget\" data-widget_type=\"heading.default\">\n\t\t\t\t<div class=\"elementor-widget-container\">\n\t\t\t\t\t<h2 class=\"elementor-heading-title elementor-size-large\">Blog<\/h2>\t\t\t\t<\/div>\n\t\t\t\t<\/div>\n\t\t\t\t<div class=\"elementor-element elementor-element-2ccdf05 elementor-widget elementor-widget-heading\" data-id=\"2ccdf05\" data-element_type=\"widget\" data-widget_type=\"heading.default\">\n\t\t\t\t<div class=\"elementor-widget-container\">\n\t\t\t\t\t<p class=\"elementor-heading-title elementor-size-medium\">Aqu\u00ed encontrar\u00e1s las \u00faltimas novedades de ADS<\/p>\t\t\t\t<\/div>\n\t\t\t\t<\/div>\n\t\t\t\t\t<\/div>\n\t\t<\/div>\n\t\t\t\t\t<\/div>\n\t\t<\/section>\n\t\t\t\t<section class=\"elementor-section elementor-top-section elementor-element elementor-element-d5dc262 elementor-section-boxed elementor-section-height-default elementor-section-height-default\" data-id=\"d5dc262\" data-element_type=\"section\">\n\t\t\t\t\t\t<div class=\"elementor-container elementor-column-gap-default\">\n\t\t\t\t\t<div class=\"elementor-column elementor-col-100 elementor-top-column elementor-element elementor-element-c8e3ded\" data-id=\"c8e3ded\" data-element_type=\"column\">\n\t\t\t<div class=\"elementor-widget-wrap elementor-element-populated\">\n\t\t\t\t\t\t<div class=\"elementor-element elementor-element-34b55a5 elementor-grid-3 elementor-grid-tablet-2 elementor-grid-mobile-1 elementor-posts--thumbnail-top elementor-widget elementor-widget-posts\" data-id=\"34b55a5\" data-element_type=\"widget\" data-settings=\"{&quot;pagination_type&quot;:&quot;numbers_and_prev_next&quot;,&quot;classic_columns&quot;:&quot;3&quot;,&quot;classic_columns_tablet&quot;:&quot;2&quot;,&quot;classic_columns_mobile&quot;:&quot;1&quot;,&quot;classic_row_gap&quot;:{&quot;unit&quot;:&quot;px&quot;,&quot;size&quot;:35,&quot;sizes&quot;:[]},&quot;classic_row_gap_tablet&quot;:{&quot;unit&quot;:&quot;px&quot;,&quot;size&quot;:&quot;&quot;,&quot;sizes&quot;:[]},&quot;classic_row_gap_mobile&quot;:{&quot;unit&quot;:&quot;px&quot;,&quot;size&quot;:&quot;&quot;,&quot;sizes&quot;:[]}}\" data-widget_type=\"posts.classic\">\n\t\t\t\t<div class=\"elementor-widget-container\">\n\t\t\t\t\t\t\t<div class=\"elementor-posts-container elementor-posts elementor-posts--skin-classic elementor-grid\">\n\t\t\t\t<article class=\"elementor-post elementor-grid-item post-7951 post type-post status-publish format-standard has-post-thumbnail hentry category-sin-categoria-ca\">\n\t\t\t\t<a class=\"elementor-post__thumbnail__link\" href=\"https:\/\/www.adssl.com\/es\/10-estrategies-de-tecnologia-de-la-informacio-crucials-per-al-teu-negoci\/\" tabindex=\"-1\" >\n\t\t\t<div class=\"elementor-post__thumbnail\"><img fetchpriority=\"high\" decoding=\"async\" width=\"2560\" height=\"1707\" src=\"https:\/\/www.adssl.com\/wp-content\/uploads\/2024\/03\/10-estrategias-tic-scaled.jpg\" class=\"attachment-full size-full wp-image-7948\" alt=\"10 Estrategias de Tecnolog\u00eda\" srcset=\"https:\/\/www.adssl.com\/wp-content\/uploads\/2024\/03\/10-estrategias-tic-scaled.jpg 2560w, https:\/\/www.adssl.com\/wp-content\/uploads\/2024\/03\/10-estrategias-tic-300x200.jpg 300w, https:\/\/www.adssl.com\/wp-content\/uploads\/2024\/03\/10-estrategias-tic-1024x683.jpg 1024w, https:\/\/www.adssl.com\/wp-content\/uploads\/2024\/03\/10-estrategias-tic-768x512.jpg 768w, https:\/\/www.adssl.com\/wp-content\/uploads\/2024\/03\/10-estrategias-tic-1536x1024.jpg 1536w, https:\/\/www.adssl.com\/wp-content\/uploads\/2024\/03\/10-estrategias-tic-2048x1365.jpg 2048w\" sizes=\"(max-width: 2560px) 100vw, 2560px\" \/><\/div>\n\t\t<\/a>\n\t\t\t\t<div class=\"elementor-post__text\">\n\t\t\t\t<h3 class=\"elementor-post__title\">\n\t\t\t<a href=\"https:\/\/www.adssl.com\/es\/10-estrategies-de-tecnologia-de-la-informacio-crucials-per-al-teu-negoci\/\" >\n\t\t\t\t10 Estrat\u00e8gies de Tecnologia de la Informaci\u00f3 Crucials Per al teu Negoci\t\t\t<\/a>\n\t\t<\/h3>\n\t\t\t\t<div class=\"elementor-post__meta-data\">\n\t\t\t\t\t<span class=\"elementor-post-date\">\n\t\t\t10 marzo 2024\t\t<\/span>\n\t\t\t\t<\/div>\n\t\t\t\t<div class=\"elementor-post__excerpt\">\n\t\t\t<p>An\u00e0lisi Integral de TI: Realitza una avaluaci\u00f3 completa dels teus sistemes actuals, abastant maquinari, programari, xarxes i pol\u00edtiques de seguretat. Identifica \u00e0rees de millora i<\/p>\n\t\t<\/div>\n\t\t\n\t\t<a class=\"elementor-post__read-more\" href=\"https:\/\/www.adssl.com\/es\/10-estrategies-de-tecnologia-de-la-informacio-crucials-per-al-teu-negoci\/\" aria-label=\"M\u00e1s informaci\u00f3n sobre 10 Estrat\u00e8gies de Tecnologia de la Informaci\u00f3 Crucials Per al teu Negoci\" tabindex=\"-1\" >\n\t\t\t Llegir m\u00e9s \u00bb\t\t<\/a>\n\n\t\t\t\t<\/div>\n\t\t\t\t<\/article>\n\t\t\t\t<article class=\"elementor-post elementor-grid-item post-7946 post type-post status-publish format-standard has-post-thumbnail hentry category-sin-categoria\">\n\t\t\t\t<a class=\"elementor-post__thumbnail__link\" href=\"https:\/\/www.adssl.com\/es\/10-estrategias-de-tecnologia-de-la-informacion-cruciales-para-tu-negocio\/\" tabindex=\"-1\" >\n\t\t\t<div class=\"elementor-post__thumbnail\"><img fetchpriority=\"high\" decoding=\"async\" width=\"2560\" height=\"1707\" src=\"https:\/\/www.adssl.com\/wp-content\/uploads\/2024\/03\/10-estrategias-tic-scaled.jpg\" class=\"attachment-full size-full wp-image-7948\" alt=\"10 Estrategias de Tecnolog\u00eda\" srcset=\"https:\/\/www.adssl.com\/wp-content\/uploads\/2024\/03\/10-estrategias-tic-scaled.jpg 2560w, https:\/\/www.adssl.com\/wp-content\/uploads\/2024\/03\/10-estrategias-tic-300x200.jpg 300w, https:\/\/www.adssl.com\/wp-content\/uploads\/2024\/03\/10-estrategias-tic-1024x683.jpg 1024w, https:\/\/www.adssl.com\/wp-content\/uploads\/2024\/03\/10-estrategias-tic-768x512.jpg 768w, https:\/\/www.adssl.com\/wp-content\/uploads\/2024\/03\/10-estrategias-tic-1536x1024.jpg 1536w, https:\/\/www.adssl.com\/wp-content\/uploads\/2024\/03\/10-estrategias-tic-2048x1365.jpg 2048w\" sizes=\"(max-width: 2560px) 100vw, 2560px\" \/><\/div>\n\t\t<\/a>\n\t\t\t\t<div class=\"elementor-post__text\">\n\t\t\t\t<h3 class=\"elementor-post__title\">\n\t\t\t<a href=\"https:\/\/www.adssl.com\/es\/10-estrategias-de-tecnologia-de-la-informacion-cruciales-para-tu-negocio\/\" >\n\t\t\t\t10 Estrategias de Tecnolog\u00eda de la Informaci\u00f3n Cruciales Para tu Negocio\t\t\t<\/a>\n\t\t<\/h3>\n\t\t\t\t<div class=\"elementor-post__meta-data\">\n\t\t\t\t\t<span class=\"elementor-post-date\">\n\t\t\t10 marzo 2024\t\t<\/span>\n\t\t\t\t<\/div>\n\t\t\t\t<div class=\"elementor-post__excerpt\">\n\t\t\t<p>An\u00e1lisis Integral de TI: Realiza una evaluaci\u00f3n completa de tus sistemas actuales, abarcando hardware, software, redes y pol\u00edticas de seguridad. Identifica \u00e1reas de mejora y<\/p>\n\t\t<\/div>\n\t\t\n\t\t<a class=\"elementor-post__read-more\" href=\"https:\/\/www.adssl.com\/es\/10-estrategias-de-tecnologia-de-la-informacion-cruciales-para-tu-negocio\/\" aria-label=\"M\u00e1s informaci\u00f3n sobre 10 Estrategias de Tecnolog\u00eda de la Informaci\u00f3n Cruciales Para tu Negocio\" tabindex=\"-1\" >\n\t\t\t Llegir m\u00e9s \u00bb\t\t<\/a>\n\n\t\t\t\t<\/div>\n\t\t\t\t<\/article>\n\t\t\t\t<article class=\"elementor-post elementor-grid-item post-7941 post type-post status-publish format-standard has-post-thumbnail hentry category-sin-categoria-ca\">\n\t\t\t\t<a class=\"elementor-post__thumbnail__link\" href=\"https:\/\/www.adssl.com\/es\/6-atacs-informatics-que-es-podrien-haver-evitat\/\" tabindex=\"-1\" >\n\t\t\t<div class=\"elementor-post__thumbnail\"><img decoding=\"async\" width=\"2560\" height=\"2560\" src=\"https:\/\/www.adssl.com\/wp-content\/uploads\/2024\/02\/ataques-informaticos-scaled.jpg\" class=\"attachment-full size-full wp-image-7933\" alt=\"atacs inform\u00e0tics\" srcset=\"https:\/\/www.adssl.com\/wp-content\/uploads\/2024\/02\/ataques-informaticos-scaled.jpg 2560w, https:\/\/www.adssl.com\/wp-content\/uploads\/2024\/02\/ataques-informaticos-300x300.jpg 300w, https:\/\/www.adssl.com\/wp-content\/uploads\/2024\/02\/ataques-informaticos-1024x1024.jpg 1024w, https:\/\/www.adssl.com\/wp-content\/uploads\/2024\/02\/ataques-informaticos-150x150.jpg 150w, https:\/\/www.adssl.com\/wp-content\/uploads\/2024\/02\/ataques-informaticos-768x768.jpg 768w, https:\/\/www.adssl.com\/wp-content\/uploads\/2024\/02\/ataques-informaticos-1536x1536.jpg 1536w, https:\/\/www.adssl.com\/wp-content\/uploads\/2024\/02\/ataques-informaticos-2048x2048.jpg 2048w\" sizes=\"(max-width: 2560px) 100vw, 2560px\" \/><\/div>\n\t\t<\/a>\n\t\t\t\t<div class=\"elementor-post__text\">\n\t\t\t\t<h3 class=\"elementor-post__title\">\n\t\t\t<a href=\"https:\/\/www.adssl.com\/es\/6-atacs-informatics-que-es-podrien-haver-evitat\/\" >\n\t\t\t\t6 atacs inform\u00e0tics que es podrien haver evitat.\t\t\t<\/a>\n\t\t<\/h3>\n\t\t\t\t<div class=\"elementor-post__meta-data\">\n\t\t\t\t\t<span class=\"elementor-post-date\">\n\t\t\t26 febrero 2024\t\t<\/span>\n\t\t\t\t<\/div>\n\t\t\t\t<div class=\"elementor-post__excerpt\">\n\t\t\t<p>Internet ha revolucionat el nostre m\u00f3n, per\u00f2 la seva vulnerabilitat ha desencadenat una multitud d&#8217;atacs inform\u00e0tics i incidents relacionats amb la ciberseguretat. En aquest article,<\/p>\n\t\t<\/div>\n\t\t\n\t\t<a class=\"elementor-post__read-more\" href=\"https:\/\/www.adssl.com\/es\/6-atacs-informatics-que-es-podrien-haver-evitat\/\" aria-label=\"M\u00e1s informaci\u00f3n sobre 6 atacs inform\u00e0tics que es podrien haver evitat.\" tabindex=\"-1\" >\n\t\t\t Llegir m\u00e9s \u00bb\t\t<\/a>\n\n\t\t\t\t<\/div>\n\t\t\t\t<\/article>\n\t\t\t\t<article class=\"elementor-post elementor-grid-item post-7932 post type-post status-publish format-standard has-post-thumbnail hentry category-sin-categoria\">\n\t\t\t\t<a class=\"elementor-post__thumbnail__link\" href=\"https:\/\/www.adssl.com\/es\/ataques-informaticos\/\" tabindex=\"-1\" >\n\t\t\t<div class=\"elementor-post__thumbnail\"><img decoding=\"async\" width=\"2560\" height=\"2560\" src=\"https:\/\/www.adssl.com\/wp-content\/uploads\/2024\/02\/ataques-informaticos-scaled.jpg\" class=\"attachment-full size-full wp-image-7933\" alt=\"atacs inform\u00e0tics\" srcset=\"https:\/\/www.adssl.com\/wp-content\/uploads\/2024\/02\/ataques-informaticos-scaled.jpg 2560w, https:\/\/www.adssl.com\/wp-content\/uploads\/2024\/02\/ataques-informaticos-300x300.jpg 300w, https:\/\/www.adssl.com\/wp-content\/uploads\/2024\/02\/ataques-informaticos-1024x1024.jpg 1024w, https:\/\/www.adssl.com\/wp-content\/uploads\/2024\/02\/ataques-informaticos-150x150.jpg 150w, https:\/\/www.adssl.com\/wp-content\/uploads\/2024\/02\/ataques-informaticos-768x768.jpg 768w, https:\/\/www.adssl.com\/wp-content\/uploads\/2024\/02\/ataques-informaticos-1536x1536.jpg 1536w, https:\/\/www.adssl.com\/wp-content\/uploads\/2024\/02\/ataques-informaticos-2048x2048.jpg 2048w\" sizes=\"(max-width: 2560px) 100vw, 2560px\" \/><\/div>\n\t\t<\/a>\n\t\t\t\t<div class=\"elementor-post__text\">\n\t\t\t\t<h3 class=\"elementor-post__title\">\n\t\t\t<a href=\"https:\/\/www.adssl.com\/es\/ataques-informaticos\/\" >\n\t\t\t\t6 ataques inform\u00e1ticos que se podr\u00edan haber evitado\t\t\t<\/a>\n\t\t<\/h3>\n\t\t\t\t<div class=\"elementor-post__meta-data\">\n\t\t\t\t\t<span class=\"elementor-post-date\">\n\t\t\t26 febrero 2024\t\t<\/span>\n\t\t\t\t<\/div>\n\t\t\t\t<div class=\"elementor-post__excerpt\">\n\t\t\t<p>Internet ha revolucionado nuestro mundo, pero su vulnerabilidad ha desencadenado una multitud de ataques inform\u00e1ticos e incidentes relacionados con la ciberseguridad. En este art\u00edculo, exploramos<\/p>\n\t\t<\/div>\n\t\t\n\t\t<a class=\"elementor-post__read-more\" href=\"https:\/\/www.adssl.com\/es\/ataques-informaticos\/\" aria-label=\"M\u00e1s informaci\u00f3n sobre 6 ataques inform\u00e1ticos que se podr\u00edan haber evitado\" tabindex=\"-1\" >\n\t\t\t Llegir m\u00e9s \u00bb\t\t<\/a>\n\n\t\t\t\t<\/div>\n\t\t\t\t<\/article>\n\t\t\t\t<article class=\"elementor-post elementor-grid-item post-7897 post type-post status-publish format-standard has-post-thumbnail hentry category-sin-categoria-ca\">\n\t\t\t\t<a class=\"elementor-post__thumbnail__link\" href=\"https:\/\/www.adssl.com\/es\/contrassenyes-segures\/\" tabindex=\"-1\" >\n\t\t\t<div class=\"elementor-post__thumbnail\"><img decoding=\"async\" width=\"2560\" height=\"1707\" src=\"https:\/\/www.adssl.com\/wp-content\/uploads\/2024\/02\/contrasena-segura-scaled.jpg\" class=\"attachment-full size-full wp-image-7895\" alt=\"contrase\u00f1a segura\" srcset=\"https:\/\/www.adssl.com\/wp-content\/uploads\/2024\/02\/contrasena-segura-scaled.jpg 2560w, https:\/\/www.adssl.com\/wp-content\/uploads\/2024\/02\/contrasena-segura-300x200.jpg 300w, https:\/\/www.adssl.com\/wp-content\/uploads\/2024\/02\/contrasena-segura-1024x683.jpg 1024w, https:\/\/www.adssl.com\/wp-content\/uploads\/2024\/02\/contrasena-segura-768x512.jpg 768w, https:\/\/www.adssl.com\/wp-content\/uploads\/2024\/02\/contrasena-segura-1536x1024.jpg 1536w, https:\/\/www.adssl.com\/wp-content\/uploads\/2024\/02\/contrasena-segura-2048x1365.jpg 2048w\" sizes=\"(max-width: 2560px) 100vw, 2560px\" \/><\/div>\n\t\t<\/a>\n\t\t\t\t<div class=\"elementor-post__text\">\n\t\t\t\t<h3 class=\"elementor-post__title\">\n\t\t\t<a href=\"https:\/\/www.adssl.com\/es\/contrassenyes-segures\/\" >\n\t\t\t\tGuia Completa per Protegir els teus Comptes en L\u00ednia: Contrasenyes Segures, Gestors i Autenticaci\u00f3 de Dos Factors\t\t\t<\/a>\n\t\t<\/h3>\n\t\t\t\t<div class=\"elementor-post__meta-data\">\n\t\t\t\t\t<span class=\"elementor-post-date\">\n\t\t\t20 febrero 2024\t\t<\/span>\n\t\t\t\t<\/div>\n\t\t\t\t<div class=\"elementor-post__excerpt\">\n\t\t\t<p>Com Han de Ser les Contrasenyes Segures? En un m\u00f3n cada vegada m\u00e9s digitalitzat, la seguretat dels nostres comptes en l\u00ednia s&#8217;ha tornat una preocupaci\u00f3<\/p>\n\t\t<\/div>\n\t\t\n\t\t<a class=\"elementor-post__read-more\" href=\"https:\/\/www.adssl.com\/es\/contrassenyes-segures\/\" aria-label=\"M\u00e1s informaci\u00f3n sobre Guia Completa per Protegir els teus Comptes en L\u00ednia: Contrasenyes Segures, Gestors i Autenticaci\u00f3 de Dos Factors\" tabindex=\"-1\" >\n\t\t\t Llegir m\u00e9s \u00bb\t\t<\/a>\n\n\t\t\t\t<\/div>\n\t\t\t\t<\/article>\n\t\t\t\t<article class=\"elementor-post elementor-grid-item post-7894 post type-post status-publish format-standard has-post-thumbnail hentry category-sin-categoria\">\n\t\t\t\t<a class=\"elementor-post__thumbnail__link\" href=\"https:\/\/www.adssl.com\/es\/contrasenas-seguras\/\" tabindex=\"-1\" >\n\t\t\t<div class=\"elementor-post__thumbnail\"><img decoding=\"async\" width=\"2560\" height=\"1707\" src=\"https:\/\/www.adssl.com\/wp-content\/uploads\/2024\/02\/contrasena-segura-scaled.jpg\" class=\"attachment-full size-full wp-image-7895\" alt=\"contrase\u00f1a segura\" srcset=\"https:\/\/www.adssl.com\/wp-content\/uploads\/2024\/02\/contrasena-segura-scaled.jpg 2560w, https:\/\/www.adssl.com\/wp-content\/uploads\/2024\/02\/contrasena-segura-300x200.jpg 300w, https:\/\/www.adssl.com\/wp-content\/uploads\/2024\/02\/contrasena-segura-1024x683.jpg 1024w, https:\/\/www.adssl.com\/wp-content\/uploads\/2024\/02\/contrasena-segura-768x512.jpg 768w, https:\/\/www.adssl.com\/wp-content\/uploads\/2024\/02\/contrasena-segura-1536x1024.jpg 1536w, https:\/\/www.adssl.com\/wp-content\/uploads\/2024\/02\/contrasena-segura-2048x1365.jpg 2048w\" sizes=\"(max-width: 2560px) 100vw, 2560px\" \/><\/div>\n\t\t<\/a>\n\t\t\t\t<div class=\"elementor-post__text\">\n\t\t\t\t<h3 class=\"elementor-post__title\">\n\t\t\t<a href=\"https:\/\/www.adssl.com\/es\/contrasenas-seguras\/\" >\n\t\t\t\tGu\u00eda Completa para Proteger tus Cuentas en L\u00ednea: Contrase\u00f1as Seguras, Gestores y Autenticaci\u00f3n de Dos Factores\t\t\t<\/a>\n\t\t<\/h3>\n\t\t\t\t<div class=\"elementor-post__meta-data\">\n\t\t\t\t\t<span class=\"elementor-post-date\">\n\t\t\t20 febrero 2024\t\t<\/span>\n\t\t\t\t<\/div>\n\t\t\t\t<div class=\"elementor-post__excerpt\">\n\t\t\t<p>\u00bfC\u00f3mo Deben Ser las Contrase\u00f1as Seguras? En un mundo cada vez m\u00e1s digitalizado, la seguridad de nuestras cuentas en l\u00ednea se ha vuelto una preocupaci\u00f3n<\/p>\n\t\t<\/div>\n\t\t\n\t\t<a class=\"elementor-post__read-more\" href=\"https:\/\/www.adssl.com\/es\/contrasenas-seguras\/\" aria-label=\"M\u00e1s informaci\u00f3n sobre Gu\u00eda Completa para Proteger tus Cuentas en L\u00ednea: Contrase\u00f1as Seguras, Gestores y Autenticaci\u00f3n de Dos Factores\" tabindex=\"-1\" >\n\t\t\t Llegir m\u00e9s \u00bb\t\t<\/a>\n\n\t\t\t\t<\/div>\n\t\t\t\t<\/article>\n\t\t\t\t<\/div>\n\t\t\n\t\t\t\t<div class=\"e-load-more-anchor\" data-page=\"1\" data-max-page=\"6\" data-next-page=\"https:\/\/www.adssl.com\/es\/wp-json\/wp\/v2\/pages\/3992\/page\/2\/\"><\/div>\n\t\t\t\t<nav class=\"elementor-pagination\" aria-label=\"Paginaci\u00f3n\">\n\t\t\t<span class=\"page-numbers prev\">&laquo; Anterior<\/span>\n<span aria-current=\"page\" class=\"page-numbers current\"><span class=\"elementor-screen-only\">P\u00e1gina<\/span>1<\/span>\n<a class=\"page-numbers\" href=\"https:\/\/www.adssl.com\/es\/wp-json\/wp\/v2\/pages\/3992\/page\/2\/\"><span class=\"elementor-screen-only\">P\u00e1gina<\/span>2<\/a>\n<a class=\"page-numbers\" href=\"https:\/\/www.adssl.com\/es\/wp-json\/wp\/v2\/pages\/3992\/page\/3\/\"><span class=\"elementor-screen-only\">P\u00e1gina<\/span>3<\/a>\n<a class=\"page-numbers\" href=\"https:\/\/www.adssl.com\/es\/wp-json\/wp\/v2\/pages\/3992\/page\/4\/\"><span class=\"elementor-screen-only\">P\u00e1gina<\/span>4<\/a>\n<a class=\"page-numbers\" href=\"https:\/\/www.adssl.com\/es\/wp-json\/wp\/v2\/pages\/3992\/page\/5\/\"><span class=\"elementor-screen-only\">P\u00e1gina<\/span>5<\/a>\n<a class=\"page-numbers next\" href=\"https:\/\/www.adssl.com\/es\/wp-json\/wp\/v2\/pages\/3992\/page\/2\/\">Seg\u00fcent &raquo;<\/a>\t\t<\/nav>\n\t\t\t\t\t\t<\/div>\n\t\t\t\t<\/div>\n\t\t\t\t\t<\/div>\n\t\t<\/div>\n\t\t\t\t\t<\/div>\n\t\t<\/section>\n\t\t\t\t<\/div>","protected":false},"excerpt":{"rendered":"<p>Blog Aqu\u00ed encontrar\u00e1s las \u00faltimas novedades de ADS<\/p>","protected":false},"author":4,"featured_media":0,"parent":0,"menu_order":0,"comment_status":"closed","ping_status":"closed","template":"","meta":{"footnotes":""},"yoast_head":"<!-- This site is optimized with the Yoast SEO plugin v23.2 - https:\/\/yoast.com\/wordpress\/plugins\/seo\/ -->\n<title>Blog - ADS, An\u00e0lisi\/Disseny de Soft<\/title>\n<meta name=\"robots\" content=\"index, follow, max-snippet:-1, max-image-preview:large, max-video-preview:-1\" \/>\n<link rel=\"canonical\" href=\"https:\/\/www.adssl.com\/es\/bloges\/\" \/>\n<meta property=\"og:locale\" content=\"es_ES\" \/>\n<meta property=\"og:type\" content=\"article\" \/>\n<meta property=\"og:title\" content=\"Blog - ADS, An\u00e0lisi\/Disseny de Soft\" \/>\n<meta property=\"og:description\" content=\"Blog Aqu\u00ed encontrar\u00e1s las \u00faltimas novedades de ADS\" \/>\n<meta property=\"og:url\" content=\"https:\/\/www.adssl.com\/es\/bloges\/\" \/>\n<meta property=\"og:site_name\" content=\"ADS, An\u00e0lisi\/Disseny de Soft\" \/>\n<meta property=\"article:publisher\" content=\"https:\/\/www.facebook.com\/ADS-An%c3%a0lisiDisseny-de-Soft-SLU-156582594398681\/\" \/>\n<meta property=\"article:modified_time\" content=\"2022-08-17T14:30:16+00:00\" \/>\n<meta name=\"twitter:card\" content=\"summary_large_image\" \/>\n<meta name=\"twitter:site\" content=\"@ADSOlot\" \/>\n<meta name=\"twitter:label1\" content=\"Tiempo de lectura\" \/>\n\t<meta name=\"twitter:data1\" content=\"3 minutos\" \/>\n<script type=\"application\/ld+json\" class=\"yoast-schema-graph\">{\"@context\":\"https:\/\/schema.org\",\"@graph\":[{\"@type\":\"WebPage\",\"@id\":\"https:\/\/www.adssl.com\/es\/bloges\/\",\"url\":\"https:\/\/www.adssl.com\/es\/bloges\/\",\"name\":\"Blog - ADS, An\u00e0lisi\/Disseny de Soft\",\"isPartOf\":{\"@id\":\"https:\/\/www.adssl.com\/#website\"},\"datePublished\":\"2020-04-29T05:11:51+00:00\",\"dateModified\":\"2022-08-17T14:30:16+00:00\",\"breadcrumb\":{\"@id\":\"https:\/\/www.adssl.com\/es\/bloges\/#breadcrumb\"},\"inLanguage\":\"es\",\"potentialAction\":[{\"@type\":\"ReadAction\",\"target\":[\"https:\/\/www.adssl.com\/es\/bloges\/\"]}]},{\"@type\":\"BreadcrumbList\",\"@id\":\"https:\/\/www.adssl.com\/es\/bloges\/#breadcrumb\",\"itemListElement\":[{\"@type\":\"ListItem\",\"position\":1,\"name\":\"Portada\",\"item\":\"https:\/\/www.adssl.com\/\"},{\"@type\":\"ListItem\",\"position\":2,\"name\":\"Blog\"}]},{\"@type\":\"WebSite\",\"@id\":\"https:\/\/www.adssl.com\/#website\",\"url\":\"https:\/\/www.adssl.com\/\",\"name\":\"ADS, An\u00e0lisi\/Disseny de Soft\",\"description\":\"Serveis inform\u00e0tics\",\"publisher\":{\"@id\":\"https:\/\/www.adssl.com\/#organization\"},\"potentialAction\":[{\"@type\":\"SearchAction\",\"target\":{\"@type\":\"EntryPoint\",\"urlTemplate\":\"https:\/\/www.adssl.com\/?s={search_term_string}\"},\"query-input\":\"required name=search_term_string\"}],\"inLanguage\":\"es\"},{\"@type\":\"Organization\",\"@id\":\"https:\/\/www.adssl.com\/#organization\",\"name\":\"ADS, An\u00e0lisi\/Disseny de Soft\",\"url\":\"https:\/\/www.adssl.com\/\",\"logo\":{\"@type\":\"ImageObject\",\"inLanguage\":\"es\",\"@id\":\"https:\/\/www.adssl.com\/#\/schema\/logo\/image\/\",\"url\":\"https:\/\/www.adssl.com\/wp-content\/uploads\/2020\/12\/cropped-Logo_A.png\",\"contentUrl\":\"https:\/\/www.adssl.com\/wp-content\/uploads\/2020\/12\/cropped-Logo_A.png\",\"width\":194,\"height\":120,\"caption\":\"ADS, An\u00e0lisi\/Disseny de Soft\"},\"image\":{\"@id\":\"https:\/\/www.adssl.com\/#\/schema\/logo\/image\/\"},\"sameAs\":[\"https:\/\/www.facebook.com\/ADS-An\u00e0lisiDisseny-de-Soft-SLU-156582594398681\/\",\"https:\/\/x.com\/ADSOlot\",\"https:\/\/es.linkedin.com\/company\/ads-analisi-disseny-de-soft-sl\",\"https:\/\/youtu.be\/swDmw2qXphU\"]}]}<\/script>\n<!-- \/ Yoast SEO plugin. -->","yoast_head_json":{"title":"Blog - ADS, An\u00e0lisi\/Disseny de Soft","robots":{"index":"index","follow":"follow","max-snippet":"max-snippet:-1","max-image-preview":"max-image-preview:large","max-video-preview":"max-video-preview:-1"},"canonical":"https:\/\/www.adssl.com\/es\/bloges\/","og_locale":"es_ES","og_type":"article","og_title":"Blog - ADS, An\u00e0lisi\/Disseny de Soft","og_description":"Blog Aqu\u00ed encontrar\u00e1s las \u00faltimas novedades de ADS","og_url":"https:\/\/www.adssl.com\/es\/bloges\/","og_site_name":"ADS, An\u00e0lisi\/Disseny de Soft","article_publisher":"https:\/\/www.facebook.com\/ADS-An%c3%a0lisiDisseny-de-Soft-SLU-156582594398681\/","article_modified_time":"2022-08-17T14:30:16+00:00","twitter_card":"summary_large_image","twitter_site":"@ADSOlot","twitter_misc":{"Tiempo de lectura":"3 minutos"},"schema":{"@context":"https:\/\/schema.org","@graph":[{"@type":"WebPage","@id":"https:\/\/www.adssl.com\/es\/bloges\/","url":"https:\/\/www.adssl.com\/es\/bloges\/","name":"Blog - ADS, An\u00e0lisi\/Disseny de Soft","isPartOf":{"@id":"https:\/\/www.adssl.com\/#website"},"datePublished":"2020-04-29T05:11:51+00:00","dateModified":"2022-08-17T14:30:16+00:00","breadcrumb":{"@id":"https:\/\/www.adssl.com\/es\/bloges\/#breadcrumb"},"inLanguage":"es","potentialAction":[{"@type":"ReadAction","target":["https:\/\/www.adssl.com\/es\/bloges\/"]}]},{"@type":"BreadcrumbList","@id":"https:\/\/www.adssl.com\/es\/bloges\/#breadcrumb","itemListElement":[{"@type":"ListItem","position":1,"name":"Portada","item":"https:\/\/www.adssl.com\/"},{"@type":"ListItem","position":2,"name":"Blog"}]},{"@type":"WebSite","@id":"https:\/\/www.adssl.com\/#website","url":"https:\/\/www.adssl.com\/","name":"ADS, An\u00e0lisi\/Disseny de Soft","description":"Serveis inform\u00e0tics","publisher":{"@id":"https:\/\/www.adssl.com\/#organization"},"potentialAction":[{"@type":"SearchAction","target":{"@type":"EntryPoint","urlTemplate":"https:\/\/www.adssl.com\/?s={search_term_string}"},"query-input":"required name=search_term_string"}],"inLanguage":"es"},{"@type":"Organization","@id":"https:\/\/www.adssl.com\/#organization","name":"ADS, An\u00e0lisi\/Disseny de Soft","url":"https:\/\/www.adssl.com\/","logo":{"@type":"ImageObject","inLanguage":"es","@id":"https:\/\/www.adssl.com\/#\/schema\/logo\/image\/","url":"https:\/\/www.adssl.com\/wp-content\/uploads\/2020\/12\/cropped-Logo_A.png","contentUrl":"https:\/\/www.adssl.com\/wp-content\/uploads\/2020\/12\/cropped-Logo_A.png","width":194,"height":120,"caption":"ADS, An\u00e0lisi\/Disseny de Soft"},"image":{"@id":"https:\/\/www.adssl.com\/#\/schema\/logo\/image\/"},"sameAs":["https:\/\/www.facebook.com\/ADS-An\u00e0lisiDisseny-de-Soft-SLU-156582594398681\/","https:\/\/x.com\/ADSOlot","https:\/\/es.linkedin.com\/company\/ads-analisi-disseny-de-soft-sl","https:\/\/youtu.be\/swDmw2qXphU"]}]}},"_links":{"self":[{"href":"https:\/\/www.adssl.com\/es\/wp-json\/wp\/v2\/pages\/3992"}],"collection":[{"href":"https:\/\/www.adssl.com\/es\/wp-json\/wp\/v2\/pages"}],"about":[{"href":"https:\/\/www.adssl.com\/es\/wp-json\/wp\/v2\/types\/page"}],"author":[{"embeddable":true,"href":"https:\/\/www.adssl.com\/es\/wp-json\/wp\/v2\/users\/4"}],"replies":[{"embeddable":true,"href":"https:\/\/www.adssl.com\/es\/wp-json\/wp\/v2\/comments?post=3992"}],"version-history":[{"count":9,"href":"https:\/\/www.adssl.com\/es\/wp-json\/wp\/v2\/pages\/3992\/revisions"}],"predecessor-version":[{"id":7278,"href":"https:\/\/www.adssl.com\/es\/wp-json\/wp\/v2\/pages\/3992\/revisions\/7278"}],"wp:attachment":[{"href":"https:\/\/www.adssl.com\/es\/wp-json\/wp\/v2\/media?parent=3992"}],"curies":[{"name":"wp","href":"https:\/\/api.w.org\/{rel}","templated":true}]}}