{"id":2560,"date":"2020-04-12T21:22:47","date_gmt":"2020-04-12T21:22:47","guid":{"rendered":"http:\/\/eventsplanner-ea.cat\/web2\/?page_id=2560"},"modified":"2024-04-15T13:43:03","modified_gmt":"2024-04-15T11:43:03","slug":"politica-de-cookies","status":"publish","type":"page","link":"https:\/\/www.adssl.com\/es\/politica-de-cookies\/","title":{"rendered":"Pol\u00edtica de Cookies"},"content":{"rendered":"<div data-elementor-type=\"wp-page\" data-elementor-id=\"2560\" class=\"elementor elementor-2560\">\n\t\t\t\t\t\t<section class=\"elementor-section elementor-top-section elementor-element elementor-element-24ddd1b elementor-section-boxed elementor-section-height-default elementor-section-height-default\" data-id=\"24ddd1b\" data-element_type=\"section\">\n\t\t\t\t\t\t<div class=\"elementor-container elementor-column-gap-default\">\n\t\t\t\t\t<div class=\"elementor-column elementor-col-100 elementor-top-column elementor-element elementor-element-1460367\" data-id=\"1460367\" data-element_type=\"column\">\n\t\t\t<div class=\"elementor-widget-wrap elementor-element-populated\">\n\t\t\t\t\t\t<div class=\"elementor-element elementor-element-8a79d97 elementor-widget elementor-widget-heading\" data-id=\"8a79d97\" data-element_type=\"widget\" data-widget_type=\"heading.default\">\n\t\t\t\t<div class=\"elementor-widget-container\">\n\t\t\t\t\t<h2 class=\"elementor-heading-title elementor-size-default\">Pol\u00edtica de Cookies<\/h2>\t\t\t\t<\/div>\n\t\t\t\t<\/div>\n\t\t\t\t<div class=\"elementor-element elementor-element-0ae3975 elementor-widget elementor-widget-text-editor\" data-id=\"0ae3975\" data-element_type=\"widget\" data-widget_type=\"text-editor.default\">\n\t\t\t\t<div class=\"elementor-widget-container\">\n\t\t\t\t\t\t\t\t\t<p>En compliment amb el que estableix la Llei 34\/2002 de 11 de Juliol, de Serveis de la Societat de la Informaci\u00f3 i el Comer\u00e7 Electr\u00f2nic (LSSICE), s&#8217;informa dels seg\u00fcents aspectes legals:<\/p>\t\t\t\t\t\t\t\t<\/div>\n\t\t\t\t<\/div>\n\t\t\t\t<div class=\"elementor-element elementor-element-209d92a elementor-widget elementor-widget-heading\" data-id=\"209d92a\" data-element_type=\"widget\" data-widget_type=\"heading.default\">\n\t\t\t\t<div class=\"elementor-widget-container\">\n\t\t\t\t\t<h2 class=\"elementor-heading-title elementor-size-default\">PROPIETAT DEL LLOC WEB<\/h2>\t\t\t\t<\/div>\n\t\t\t\t<\/div>\n\t\t\t\t<div class=\"elementor-element elementor-element-b46a8d1 elementor-widget elementor-widget-text-editor\" data-id=\"b46a8d1\" data-element_type=\"widget\" data-widget_type=\"text-editor.default\">\n\t\t\t\t<div class=\"elementor-widget-container\">\n\t\t\t\t\t\t\t\t\t<p style=\"text-align: left;\">Responsable: ADS, An\u00e0lisi\/Disseny de Soft, S.L.U.<br \/>Nif: B17353459<br \/>Direcci\u00f3: Carretera De Les Tries 109B, 17800 Olot, Girona<br \/>Tel\u00e8fon: 972.261446<br \/>Email:\u00a0<span id=\"cloak812f43a202d5d09addeef354a8ff9a36\"><a href=\"mailto:info@adssl.com\">\u00a0<\/a><\/span><span id=\"cloak7e19f3f233570f9f21d08ff1737da7da\"><a href=\"mailto:info@adssl.com\">info@adssl.com<\/a><\/span><br \/>Registre Mercantil de Girona, Tom 926, Foli 182, Full GI 9869, Insc. 7a<br \/>Activitat: Disseny i desenvolupament de Software, comercialitzaci\u00f3 de Hardware, instal.laci\u00f3 i menteniment de hardware i xarxes.<\/p>\t\t\t\t\t\t\t\t<\/div>\n\t\t\t\t<\/div>\n\t\t\t\t<div class=\"elementor-element elementor-element-05ebb30 elementor-widget elementor-widget-heading\" data-id=\"05ebb30\" data-element_type=\"widget\" data-widget_type=\"heading.default\">\n\t\t\t\t<div class=\"elementor-widget-container\">\n\t\t\t\t\t<h2 class=\"elementor-heading-title elementor-size-default\">INFORMACI\u00d3 I TERMINOLOGIES<\/h2>\t\t\t\t<\/div>\n\t\t\t\t<\/div>\n\t\t\t\t<div class=\"elementor-element elementor-element-24f4054 elementor-widget elementor-widget-text-editor\" data-id=\"24f4054\" data-element_type=\"widget\" data-widget_type=\"text-editor.default\">\n\t\t\t\t<div class=\"elementor-widget-container\">\n\t\t\t\t\t\t\t\t\t<p>Les cookies s\u00f3n arxius petits que les p\u00e0gines web, botigues online, intranets, plataformes en l\u00ednia o similars, s&#8217;emmagatzemen en el navegador de l&#8217;usuari que les visita i resulten necessaris per aportar a la navegaci\u00f3 web innombrables avantatges en la prestaci\u00f3 de serveis interactius<\/p><p>La seg\u00fcent informaci\u00f3 dels tipus possibles de cookies ajuda a comprendre millor les funcions que fan possible:<\/p><ul><li>Cookies de sessi\u00f3:<br \/>S\u00f3n cookies temporals que romanen en l&#8217;espai de cookies del seu equip fins que tanca el navegador, de manera que cap queda registrada en el disc de l&#8217;usuari. La informaci\u00f3 obtinguda per mitj\u00e0 d&#8217;aquestes cookies serveix per fer possible la gesti\u00f3 operativa amb cada un dels usuaris que est\u00e0 accedint de forma simult\u00e0nia a la web.<\/li><li>Cookies persistents:<br \/>S\u00f3n cookies que romanen emmagatzemades en l&#8217;espai de cookies del seu equip un cop tancat el navegador, i que quant la pr\u00f2xima vegada que es torni a consultar la p\u00e0gina web recordar\u00e0 informaci\u00f3 que faciliti la navegaci\u00f3 (accedir directament al servei sense necessitat de fer el proc\u00e9s de connexi\u00f3) o la prestaci\u00f3 d&#8217;un servei comercial (oferir aquells productes o serveis relacionats amb anteriors visites).<\/li><li><p>Les cookies intercanviades en navegar per una p\u00e0gina web poden ser:<\/p><ul><li>Cookies d&#8217;origen o pr\u00f2pies:<br \/>S\u00f3n cookies generades per la pr\u00f2pia p\u00e0gina web que s&#8217;est\u00e0 visitant.<\/li><li>Cookies de tercers:<br \/>S\u00f3n cookies que es reben en navegar per aquesta p\u00e0gina web, per\u00f2 que han estat generades per un tercer servei que es troba allotjat en ella. Un exemple pot ser la cookie emprada per un anunci o banner de publicitat que es troba a la p\u00e0gina web que visitem. Un altre pot ser la cookie emprada per un comptador de visitants contractat per la p\u00e0gina web que visitem.<\/li><\/ul><p>Les cookies poden ser usades per a:<\/p><ul><li>Fins t\u00e8cnics:<br \/>S\u00f3n les anomenades tamb\u00e9 &#8220;estrictament necess\u00e0ries&#8221;. Permeten a l&#8217;usuari la navegaci\u00f3 a trav\u00e9s d&#8217;una p\u00e0gina web, plataforma o aplicaci\u00f3 i la utilitzaci\u00f3 de les diferents opcions o serveis que en ella hi hagi com, per exemple, controlar el tr\u00e0nsit i la comunicaci\u00f3 de dades, identificar la sessi\u00f3, accedir a parts de acc\u00e9s restringit, recordar els elements que integren una comanda, realitzar el proc\u00e9s de compra d&#8217;una comanda, realitzar la sol\u00b7licitud d&#8217;inscripci\u00f3 o participaci\u00f3 en un esdeveniment, utilitzar elements de seguretat durant la navegaci\u00f3, emmagatzemar continguts per a la difusi\u00f3 de v\u00eddeos o so o compartir continguts a trav\u00e9s de xarxes socials.<\/li><li>Personalitzaci\u00f3:<br \/>Fan possible que cada usuari pugui configurar aspectes com el llenguatge en qu\u00e8 desitja veure la p\u00e0gina web, formats de visualitzaci\u00f3, etc.<\/li><li>An\u00e0lisi o rendiment:<br \/>Permeten mesurar el nombre de visites i criteris de navegaci\u00f3 de diferents \u00e0rees del web, aplicaci\u00f3 o plataforma i ens permet elaborar perfils de navegaci\u00f3 dels usuaris d&#8217;aquests llocs, aplicacions i plataformes, per tal d&#8217;introduir millores en funci\u00f3 de l&#8217;an\u00e0lisi dels dades d&#8217;\u00fas recollides que fan els usuaris del servei.<\/li><li>Publicitat:<br \/>Permeten implementar par\u00e0metres d&#8217;efici\u00e8ncia en la publicitat oferta a les p\u00e0gines web.<\/li><li>Publicitat comportamental:<br \/>Permeten implementar par\u00e0metres d&#8217;efici\u00e8ncia en la publicitat oferta a les p\u00e0gines web, basats en informaci\u00f3 sobre el comportament dels usuaris obtingut a trav\u00e9s de l&#8217;observaci\u00f3 continuada dels seus h\u00e0bits de navegaci\u00f3, el que permet desenvolupar un perfil espec\u00edfic per a mostrar publicitat en funci\u00f3 del mateix .<\/li><\/ul><\/li><\/ul><p>\u00a0<\/p>\t\t\t\t\t\t\t\t<\/div>\n\t\t\t\t<\/div>\n\t\t\t\t\t<\/div>\n\t\t<\/div>\n\t\t\t\t\t<\/div>\n\t\t<\/section>\n\t\t\t\t<section class=\"elementor-section elementor-top-section elementor-element elementor-element-1c103ff elementor-section-boxed elementor-section-height-default elementor-section-height-default\" data-id=\"1c103ff\" data-element_type=\"section\">\n\t\t\t\t\t\t<div class=\"elementor-container elementor-column-gap-default\">\n\t\t\t\t\t<div class=\"elementor-column elementor-col-100 elementor-top-column elementor-element elementor-element-4e49fce\" data-id=\"4e49fce\" data-element_type=\"column\">\n\t\t\t<div class=\"elementor-widget-wrap elementor-element-populated\">\n\t\t\t\t\t\t<div class=\"elementor-element elementor-element-bd7a158 elementor-widget elementor-widget-heading\" data-id=\"bd7a158\" data-element_type=\"widget\" data-widget_type=\"heading.default\">\n\t\t\t\t<div class=\"elementor-widget-container\">\n\t\t\t\t\t<h2 class=\"elementor-heading-title elementor-size-default\">DETALL DE COOKIES UTILITZADES\n\n<\/h2>\t\t\t\t<\/div>\n\t\t\t\t<\/div>\n\t\t\t\t\t<\/div>\n\t\t<\/div>\n\t\t\t\t\t<\/div>\n\t\t<\/section>\n\t\t\t\t<section class=\"elementor-section elementor-top-section elementor-element elementor-element-7f3e4fe elementor-section-boxed elementor-section-height-default elementor-section-height-default\" data-id=\"7f3e4fe\" data-element_type=\"section\">\n\t\t\t\t\t\t<div class=\"elementor-container elementor-column-gap-default\">\n\t\t\t\t\t<div class=\"elementor-column elementor-col-100 elementor-top-column elementor-element elementor-element-29a76fd\" data-id=\"29a76fd\" data-element_type=\"column\">\n\t\t\t<div class=\"elementor-widget-wrap elementor-element-populated\">\n\t\t\t\t\t\t<div class=\"elementor-element elementor-element-9831ba9 elementor-widget elementor-widget-text-editor\" data-id=\"9831ba9\" data-element_type=\"widget\" data-widget_type=\"text-editor.default\">\n\t\t\t\t<div class=\"elementor-widget-container\">\n\t\t\t\t\t\t\t\t\t<p>El lloc web de ADS, An\u00e0lisi\/Disseny de Soft, S.L.U. utilitza cookies per al correcte funcionament i visualitzaci\u00f3 dels llocs web per part de l&#8217;usuari, aix\u00ed com la recollida d&#8217;estad\u00edstiques. En concret, s&#8217;utilitzen les cookies seg\u00fcents:<\/p><ul><li>Idioma (Per guardar l&#8217;idioma seleccionat per l&#8217;usuari)<\/li><li>Acceptaci\u00f3 de Cookies (per recordar que s&#8217;ha acceptat l&#8217;us de cookies)<\/li><li>Sessi\u00f3 (guarda l&#8217;ultima data de connexi\u00f3 a la web)<\/li><\/ul><p>Cap d&#8217;elles guarda cap tipus de dades de l&#8217;usuari.<\/p>\t\t\t\t\t\t\t\t<\/div>\n\t\t\t\t<\/div>\n\t\t\t\t<div class=\"elementor-element elementor-element-71d1230 elementor-widget elementor-widget-heading\" data-id=\"71d1230\" data-element_type=\"widget\" data-widget_type=\"heading.default\">\n\t\t\t\t<div class=\"elementor-widget-container\">\n\t\t\t\t\t<h2 class=\"elementor-heading-title elementor-size-default\">SERVEIS DE TERCERS\n\n<\/h2>\t\t\t\t<\/div>\n\t\t\t\t<\/div>\n\t\t\t\t<div class=\"elementor-element elementor-element-409b07f elementor-widget elementor-widget-text-editor\" data-id=\"409b07f\" data-element_type=\"widget\" data-widget_type=\"text-editor.default\">\n\t\t\t\t<div class=\"elementor-widget-container\">\n\t\t\t\t\t\t\t\t\t<p>Addicionalment, ADS, An\u00e0lisi\/Disseny de Soft, S.L.U.\u00a0 t\u00e9 pres\u00e8ncia en portals i serveis de tercers per als quals, si desitja con\u00e8ixer les condicions de privacitat i \u00fas de cookies, s&#8217;han de consultar les pol\u00edtiques proporcionades pels mateixos:<\/p><p>Facebook:\u00a0<a href=\"https:\/\/es-es.facebook.com\/help\/cookies\">https:\/\/es-es.facebook.com\/help\/cookies<\/a><br \/>Twitter:\u00a0<a href=\"https:\/\/twitter.com\/privacy\">https:\/\/twitter.com\/privacy<\/a><br \/>Youtube:\u00a0<a href=\"https:\/\/www.google.es\/intl\/es\/policies\/technologies\/cookies\/\">https:\/\/www.google.es\/intl\/es\/policies\/technologies\/cookies\/<\/a><br \/>Linkedin:\u00a0<a href=\"http:\/\/www.linkedin.com\/legal\/privacy-policy\">http:\/\/www.linkedin.com\/legal\/privacy-policy<\/a><br \/>Google+:\u00a0<a href=\"https:\/\/www.google.es\/intl\/es\/policies\/technologies\/cookies\/\">https:\/\/www.google.es\/intl\/es\/policies\/technologies\/cookies\/<\/a><br \/>Instagram:\u00a0<a href=\"https:\/\/www.facebook.com\/policies\/cookies\/\">https:\/\/www.facebook.com\/policies\/cookies\/<\/a><\/p>\t\t\t\t\t\t\t\t<\/div>\n\t\t\t\t<\/div>\n\t\t\t\t\t<\/div>\n\t\t<\/div>\n\t\t\t\t\t<\/div>\n\t\t<\/section>\n\t\t\t\t<section class=\"elementor-section elementor-top-section elementor-element elementor-element-935fec9 elementor-section-boxed elementor-section-height-default elementor-section-height-default\" data-id=\"935fec9\" data-element_type=\"section\">\n\t\t\t\t\t\t<div class=\"elementor-container elementor-column-gap-default\">\n\t\t\t\t\t<div class=\"elementor-column elementor-col-100 elementor-top-column elementor-element elementor-element-b7b7197\" data-id=\"b7b7197\" data-element_type=\"column\">\n\t\t\t<div class=\"elementor-widget-wrap elementor-element-populated\">\n\t\t\t\t\t\t<div class=\"elementor-element elementor-element-5721698 elementor-widget elementor-widget-heading\" data-id=\"5721698\" data-element_type=\"widget\" data-widget_type=\"heading.default\">\n\t\t\t\t<div class=\"elementor-widget-container\">\n\t\t\t\t\t<h2 class=\"elementor-heading-title elementor-size-default\">ACCEPTACI\u00d3 DE LA POL\u00cdTICA DE COOKIES<\/h2>\t\t\t\t<\/div>\n\t\t\t\t<\/div>\n\t\t\t\t<div class=\"elementor-element elementor-element-5ebb4c0 elementor-widget elementor-widget-text-editor\" data-id=\"5ebb4c0\" data-element_type=\"widget\" data-widget_type=\"text-editor.default\">\n\t\t\t\t<div class=\"elementor-widget-container\">\n\t\t\t\t\t\t\t\t\t<p>ADS, An\u00e0lisi\/Disseny de Soft, S.L.U.\u00a0 mostra informaci\u00f3 sobre la seva Pol\u00edtica d&#8217;en Cookies a la part inferior de la p\u00e0gina inicial del lloc web amb cada inici de sessi\u00f3 amb l&#8217;objecte que vost\u00e8 sigui conscient.<\/p><p>Davant d&#8217;aquesta informaci\u00f3 \u00e9s possible dur a terme les seg\u00fcents accions:<\/p><ul><li>Acceptar les Cookies: No es tornar\u00e0 a visualitzar aquest av\u00eds en accedir a qualsevol p\u00e0gina del portal durant la present sessi\u00f3<\/li><li>Modificar la configuraci\u00f3: M\u00e9s endavant li donem informaci\u00f3 sobre com modificar la configuraci\u00f3 del seu navegador per a restringir o bloquejar les cookies en qualsevol moment. En el cas de restringir o bloquejar les cookies pot veure redu\u00efdes les funcionalitats del web.<\/li><li>Seguir navegant o moure per la barra de despla\u00e7ament: En aquest cas s&#8217;anir\u00e0 demanant el consentiment.<\/li><\/ul>\t\t\t\t\t\t\t\t<\/div>\n\t\t\t\t<\/div>\n\t\t\t\t<div class=\"elementor-element elementor-element-0bf3724 elementor-widget elementor-widget-heading\" data-id=\"0bf3724\" data-element_type=\"widget\" data-widget_type=\"heading.default\">\n\t\t\t\t<div class=\"elementor-widget-container\">\n\t\t\t\t\t<h2 class=\"elementor-heading-title elementor-size-default\">COM MODIFICAR LA CONFIGURACI\u00d3 DE LES COOKIES\n\n<\/h2>\t\t\t\t<\/div>\n\t\t\t\t<\/div>\n\t\t\t\t<div class=\"elementor-element elementor-element-659296f elementor-widget elementor-widget-text-editor\" data-id=\"659296f\" data-element_type=\"widget\" data-widget_type=\"text-editor.default\">\n\t\t\t\t<div class=\"elementor-widget-container\">\n\t\t\t\t\t\t\t\t\t<p>Vost\u00e8 pot restringir, bloquejar o esborrar les cookies de ADS, An\u00e0lisi\/Disseny de Soft, S.L.U. o qualsevol altra p\u00e0gina web, utilitzant el seu navegador. A cada navegador l&#8217;operativa \u00e9s diferent, la funci\u00f3 de &#8220;Ajuda&#8221; li mostrar\u00e0 com fer-ho:<\/p><p>Internet Explorer:\u00a0<a href=\"https:\/\/support.microsoft.com\/es-es\/help\/17442\/windows-internet-explorer-delete-manage-cookies#ie=\">https:\/\/support.microsoft.com\/es-es\/help\/17442\/windows-internet-explorer-delete-manage-cookies#ie=<\/a><br \/>FireFox:\u00a0<a href=\"https:\/\/support.mozilla.org\/es\/kb\/Borrar%20cookies\">https:\/\/support.mozilla.org\/es\/kb\/Borrar%20cookies<\/a><br \/>Chrome:\u00a0<a href=\"https:\/\/support.google.com\/chrome\/answer\/95647?hl=%22es%22\">https:\/\/support.google.com\/chrome\/answer\/95647?hl=&#8221;es&#8221;<\/a><br \/>Safari:\u00a0<a href=\"https:\/\/www.apple.com\/legal\/privacy\/es\/cookies\/\">https:\/\/www.apple.com\/legal\/privacy\/es\/cookies\/<\/a><\/p><p><br \/>A m\u00e9s, tamb\u00e9 pot gestionar el magatzem de cookies al seu navegador a trav\u00e9s d&#8217;eines com les seg\u00fcents:<\/p><p>Ghostery:\u00a0<a href=\"https:\/\/www.ghostery.com\/\">https:\/\/www.ghostery.com\/<\/a><br \/>Your online choices:\u00a0<a href=\"http:\/\/www.youronlinechoices.com\/es\/\">http:\/\/www.youronlinechoices.com\/es\/<\/a><\/p>\t\t\t\t\t\t\t\t<\/div>\n\t\t\t\t<\/div>\n\t\t\t\t\t<\/div>\n\t\t<\/div>\n\t\t\t\t\t<\/div>\n\t\t<\/section>\n\t\t\t\t<\/div>","protected":false},"excerpt":{"rendered":"<p>Pol\u00edtica de Cookies En compliment amb el que estableix la Llei 34\/2002 de 11 de Juliol, de Serveis de la Societat de la Informaci\u00f3 i el Comer\u00e7 Electr\u00f2nic (LSSICE), s&#8217;informa dels seg\u00fcents aspectes legals: PROPIETAT DEL LLOC WEB Responsable: ADS, An\u00e0lisi\/Disseny de Soft, S.L.U.Nif: B17353459Direcci\u00f3: Carretera De Les Tries 109B, 17800 Olot, GironaTel\u00e8fon: 972.261446Email:\u00a0\u00a0info@adssl.comRegistre Mercantil [&hellip;]<\/p>","protected":false},"author":4,"featured_media":0,"parent":0,"menu_order":0,"comment_status":"closed","ping_status":"closed","template":"","meta":{"footnotes":""},"class_list":["post-2560","page","type-page","status-publish","hentry"],"yoast_head":"<!-- This site is optimized with the Yoast SEO plugin v23.2 - https:\/\/yoast.com\/wordpress\/plugins\/seo\/ -->\n<title>Pol\u00edtica de Cookies - ADS, An\u00e0lisi\/Disseny de Soft<\/title>\n<meta name=\"robots\" content=\"index, follow, max-snippet:-1, max-image-preview:large, max-video-preview:-1\" \/>\n<link rel=\"canonical\" href=\"https:\/\/www.adssl.com\/es\/politica-de-cookies\/\" \/>\n<meta property=\"og:locale\" content=\"es_ES\" \/>\n<meta property=\"og:type\" content=\"article\" \/>\n<meta property=\"og:title\" content=\"Pol\u00edtica de Cookies - ADS, An\u00e0lisi\/Disseny de Soft\" \/>\n<meta property=\"og:description\" content=\"Pol\u00edtica de Cookies En compliment amb el que estableix la Llei 34\/2002 de 11 de Juliol, de Serveis de la Societat de la Informaci\u00f3 i el Comer\u00e7 Electr\u00f2nic (LSSICE), s&#8217;informa dels seg\u00fcents aspectes legals: PROPIETAT DEL LLOC WEB Responsable: ADS, An\u00e0lisi\/Disseny de Soft, S.L.U.Nif: B17353459Direcci\u00f3: Carretera De Les Tries 109B, 17800 Olot, GironaTel\u00e8fon: 972.261446Email:\u00a0\u00a0info@adssl.comRegistre Mercantil [&hellip;]\" \/>\n<meta property=\"og:url\" content=\"https:\/\/www.adssl.com\/es\/politica-de-cookies\/\" \/>\n<meta property=\"og:site_name\" content=\"ADS, An\u00e0lisi\/Disseny de Soft\" \/>\n<meta property=\"article:publisher\" content=\"https:\/\/www.facebook.com\/ADS-An%c3%a0lisiDisseny-de-Soft-SLU-156582594398681\/\" \/>\n<meta property=\"article:modified_time\" content=\"2024-04-15T11:43:03+00:00\" \/>\n<meta name=\"twitter:card\" content=\"summary_large_image\" \/>\n<meta name=\"twitter:site\" content=\"@ADSOlot\" \/>\n<meta name=\"twitter:label1\" content=\"Tiempo de lectura\" \/>\n\t<meta name=\"twitter:data1\" content=\"5 minutos\" \/>\n<script type=\"application\/ld+json\" class=\"yoast-schema-graph\">{\"@context\":\"https:\/\/schema.org\",\"@graph\":[{\"@type\":\"WebPage\",\"@id\":\"https:\/\/www.adssl.com\/politica-de-cookies\/\",\"url\":\"https:\/\/www.adssl.com\/politica-de-cookies\/\",\"name\":\"Pol\u00edtica de Cookies - ADS, An\u00e0lisi\/Disseny de Soft\",\"isPartOf\":{\"@id\":\"https:\/\/www.adssl.com\/#website\"},\"datePublished\":\"2020-04-12T21:22:47+00:00\",\"dateModified\":\"2024-04-15T11:43:03+00:00\",\"breadcrumb\":{\"@id\":\"https:\/\/www.adssl.com\/politica-de-cookies\/#breadcrumb\"},\"inLanguage\":\"es\",\"potentialAction\":[{\"@type\":\"ReadAction\",\"target\":[\"https:\/\/www.adssl.com\/politica-de-cookies\/\"]}]},{\"@type\":\"BreadcrumbList\",\"@id\":\"https:\/\/www.adssl.com\/politica-de-cookies\/#breadcrumb\",\"itemListElement\":[{\"@type\":\"ListItem\",\"position\":1,\"name\":\"Portada\",\"item\":\"https:\/\/www.adssl.com\/\"},{\"@type\":\"ListItem\",\"position\":2,\"name\":\"Pol\u00edtica de Cookies\"}]},{\"@type\":\"WebSite\",\"@id\":\"https:\/\/www.adssl.com\/#website\",\"url\":\"https:\/\/www.adssl.com\/\",\"name\":\"ADS, An\u00e0lisi\/Disseny de Soft\",\"description\":\"Serveis inform\u00e0tics\",\"publisher\":{\"@id\":\"https:\/\/www.adssl.com\/#organization\"},\"potentialAction\":[{\"@type\":\"SearchAction\",\"target\":{\"@type\":\"EntryPoint\",\"urlTemplate\":\"https:\/\/www.adssl.com\/?s={search_term_string}\"},\"query-input\":\"required name=search_term_string\"}],\"inLanguage\":\"es\"},{\"@type\":\"Organization\",\"@id\":\"https:\/\/www.adssl.com\/#organization\",\"name\":\"ADS, An\u00e0lisi\/Disseny de Soft\",\"url\":\"https:\/\/www.adssl.com\/\",\"logo\":{\"@type\":\"ImageObject\",\"inLanguage\":\"es\",\"@id\":\"https:\/\/www.adssl.com\/#\/schema\/logo\/image\/\",\"url\":\"https:\/\/www.adssl.com\/wp-content\/uploads\/2020\/12\/cropped-Logo_A.png\",\"contentUrl\":\"https:\/\/www.adssl.com\/wp-content\/uploads\/2020\/12\/cropped-Logo_A.png\",\"width\":194,\"height\":120,\"caption\":\"ADS, An\u00e0lisi\/Disseny de Soft\"},\"image\":{\"@id\":\"https:\/\/www.adssl.com\/#\/schema\/logo\/image\/\"},\"sameAs\":[\"https:\/\/www.facebook.com\/ADS-An\u00e0lisiDisseny-de-Soft-SLU-156582594398681\/\",\"https:\/\/x.com\/ADSOlot\",\"https:\/\/es.linkedin.com\/company\/ads-analisi-disseny-de-soft-sl\",\"https:\/\/youtu.be\/swDmw2qXphU\"]}]}<\/script>\n<!-- \/ Yoast SEO plugin. -->","yoast_head_json":{"title":"Pol\u00edtica de Cookies - ADS, An\u00e0lisi\/Disseny de Soft","robots":{"index":"index","follow":"follow","max-snippet":"max-snippet:-1","max-image-preview":"max-image-preview:large","max-video-preview":"max-video-preview:-1"},"canonical":"https:\/\/www.adssl.com\/es\/politica-de-cookies\/","og_locale":"es_ES","og_type":"article","og_title":"Pol\u00edtica de Cookies - ADS, An\u00e0lisi\/Disseny de Soft","og_description":"Pol\u00edtica de Cookies En compliment amb el que estableix la Llei 34\/2002 de 11 de Juliol, de Serveis de la Societat de la Informaci\u00f3 i el Comer\u00e7 Electr\u00f2nic (LSSICE), s&#8217;informa dels seg\u00fcents aspectes legals: PROPIETAT DEL LLOC WEB Responsable: ADS, An\u00e0lisi\/Disseny de Soft, S.L.U.Nif: B17353459Direcci\u00f3: Carretera De Les Tries 109B, 17800 Olot, GironaTel\u00e8fon: 972.261446Email:\u00a0\u00a0info@adssl.comRegistre Mercantil [&hellip;]","og_url":"https:\/\/www.adssl.com\/es\/politica-de-cookies\/","og_site_name":"ADS, An\u00e0lisi\/Disseny de Soft","article_publisher":"https:\/\/www.facebook.com\/ADS-An%c3%a0lisiDisseny-de-Soft-SLU-156582594398681\/","article_modified_time":"2024-04-15T11:43:03+00:00","twitter_card":"summary_large_image","twitter_site":"@ADSOlot","twitter_misc":{"Tiempo de lectura":"5 minutos"},"schema":{"@context":"https:\/\/schema.org","@graph":[{"@type":"WebPage","@id":"https:\/\/www.adssl.com\/politica-de-cookies\/","url":"https:\/\/www.adssl.com\/politica-de-cookies\/","name":"Pol\u00edtica de Cookies - ADS, An\u00e0lisi\/Disseny de Soft","isPartOf":{"@id":"https:\/\/www.adssl.com\/#website"},"datePublished":"2020-04-12T21:22:47+00:00","dateModified":"2024-04-15T11:43:03+00:00","breadcrumb":{"@id":"https:\/\/www.adssl.com\/politica-de-cookies\/#breadcrumb"},"inLanguage":"es","potentialAction":[{"@type":"ReadAction","target":["https:\/\/www.adssl.com\/politica-de-cookies\/"]}]},{"@type":"BreadcrumbList","@id":"https:\/\/www.adssl.com\/politica-de-cookies\/#breadcrumb","itemListElement":[{"@type":"ListItem","position":1,"name":"Portada","item":"https:\/\/www.adssl.com\/"},{"@type":"ListItem","position":2,"name":"Pol\u00edtica de Cookies"}]},{"@type":"WebSite","@id":"https:\/\/www.adssl.com\/#website","url":"https:\/\/www.adssl.com\/","name":"ADS, An\u00e0lisi\/Disseny de Soft","description":"Serveis inform\u00e0tics","publisher":{"@id":"https:\/\/www.adssl.com\/#organization"},"potentialAction":[{"@type":"SearchAction","target":{"@type":"EntryPoint","urlTemplate":"https:\/\/www.adssl.com\/?s={search_term_string}"},"query-input":"required name=search_term_string"}],"inLanguage":"es"},{"@type":"Organization","@id":"https:\/\/www.adssl.com\/#organization","name":"ADS, An\u00e0lisi\/Disseny de Soft","url":"https:\/\/www.adssl.com\/","logo":{"@type":"ImageObject","inLanguage":"es","@id":"https:\/\/www.adssl.com\/#\/schema\/logo\/image\/","url":"https:\/\/www.adssl.com\/wp-content\/uploads\/2020\/12\/cropped-Logo_A.png","contentUrl":"https:\/\/www.adssl.com\/wp-content\/uploads\/2020\/12\/cropped-Logo_A.png","width":194,"height":120,"caption":"ADS, An\u00e0lisi\/Disseny de Soft"},"image":{"@id":"https:\/\/www.adssl.com\/#\/schema\/logo\/image\/"},"sameAs":["https:\/\/www.facebook.com\/ADS-An\u00e0lisiDisseny-de-Soft-SLU-156582594398681\/","https:\/\/x.com\/ADSOlot","https:\/\/es.linkedin.com\/company\/ads-analisi-disseny-de-soft-sl","https:\/\/youtu.be\/swDmw2qXphU"]}]}},"_links":{"self":[{"href":"https:\/\/www.adssl.com\/es\/wp-json\/wp\/v2\/pages\/2560","targetHints":{"allow":["GET"]}}],"collection":[{"href":"https:\/\/www.adssl.com\/es\/wp-json\/wp\/v2\/pages"}],"about":[{"href":"https:\/\/www.adssl.com\/es\/wp-json\/wp\/v2\/types\/page"}],"author":[{"embeddable":true,"href":"https:\/\/www.adssl.com\/es\/wp-json\/wp\/v2\/users\/4"}],"replies":[{"embeddable":true,"href":"https:\/\/www.adssl.com\/es\/wp-json\/wp\/v2\/comments?post=2560"}],"version-history":[{"count":21,"href":"https:\/\/www.adssl.com\/es\/wp-json\/wp\/v2\/pages\/2560\/revisions"}],"predecessor-version":[{"id":8059,"href":"https:\/\/www.adssl.com\/es\/wp-json\/wp\/v2\/pages\/2560\/revisions\/8059"}],"wp:attachment":[{"href":"https:\/\/www.adssl.com\/es\/wp-json\/wp\/v2\/media?parent=2560"}],"curies":[{"name":"wp","href":"https:\/\/api.w.org\/{rel}","templated":true}]}}